{"id":217208,"date":"2021-11-09T17:30:58","date_gmt":"2021-11-09T17:30:58","guid":{"rendered":"https:\/\/veritas.art\/?page_id=217208"},"modified":"2021-11-12T15:09:25","modified_gmt":"2021-11-12T15:09:25","slug":"online-viewing-leilao-111-pt","status":"publish","type":"page","link":"https:\/\/veritas.art\/en\/online-viewing-leilao-111-pt\/","title":{"rendered":"ONLINE VIEWING &#8211; AUCTION 111 EN"},"content":{"rendered":"","protected":false},"excerpt":{"rendered":"","protected":false},"author":5529,"featured_media":0,"parent":0,"menu_order":0,"comment_status":"closed","ping_status":"closed","template":"","meta":{"_acf_changed":false,"footnotes":""},"class_list":["post-217208","page","type-page","status-publish","hentry"],"acf":{"flexible_content":[{"acf_fc_layout":"banner","banner_title":"Online Viewing","banner_sub_title":"We invite you to browse auction 111","banner_image":{"ID":217216,"id":217216,"title":"2H9A6760","filename":"2H9A6760.jpg","filesize":22500267,"url":"https:\/\/veritas.art\/wp-content\/uploads\/2021\/11\/2H9A6760.jpg","link":"https:\/\/veritas.art\/en\/online-viewing-leilao-111-pt\/2h9a6760-2\/","alt":"","author":"5529","description":"","caption":"","name":"2h9a6760-2","status":"inherit","uploaded_to":217208,"date":"2021-11-10 11:13:10","modified":"2021-11-10 11:16:20","menu_order":0,"mime_type":"image\/jpeg","type":"image","subtype":"jpeg","icon":"https:\/\/veritas.art\/wp-includes\/images\/media\/default.png","width":6720,"height":4480,"sizes":{"thumbnail":"https:\/\/veritas.art\/wp-content\/uploads\/2021\/11\/2H9A6760-150x150.jpg","thumbnail-width":150,"thumbnail-height":150,"medium":"https:\/\/veritas.art\/wp-content\/uploads\/2021\/11\/2H9A6760.jpg","medium-width":300,"medium-height":200,"medium_large":"https:\/\/veritas.art\/wp-content\/uploads\/2021\/11\/2H9A6760.jpg","medium_large-width":768,"medium_large-height":512,"large":"https:\/\/veritas.art\/wp-content\/uploads\/2021\/11\/2H9A6760.jpg","large-width":1024,"large-height":683,"1536x1536":"https:\/\/veritas.art\/wp-content\/uploads\/2021\/11\/2H9A6760.jpg","1536x1536-width":1536,"1536x1536-height":1024,"2048x2048":"https:\/\/veritas.art\/wp-content\/uploads\/2021\/11\/2H9A6760.jpg","2048x2048-width":2048,"2048x2048-height":1365,"v_medium":"https:\/\/veritas.art\/wp-content\/uploads\/2021\/11\/2H9A6760-640x427.jpg","v_medium-width":640,"v_medium-height":427,"gform-image-choice-sm":"https:\/\/veritas.art\/wp-content\/uploads\/2021\/11\/2H9A6760.jpg","gform-image-choice-sm-width":300,"gform-image-choice-sm-height":200,"gform-image-choice-md":"https:\/\/veritas.art\/wp-content\/uploads\/2021\/11\/2H9A6760.jpg","gform-image-choice-md-width":400,"gform-image-choice-md-height":267,"gform-image-choice-lg":"https:\/\/veritas.art\/wp-content\/uploads\/2021\/11\/2H9A6760.jpg","gform-image-choice-lg-width":600,"gform-image-choice-lg-height":400}},"banner_video":false,"banner_has_lightbox":true,"banner_video_source":"vimeo","banner_video_id":"https:\/\/vimeo.com\/645251065","banner_color_filter":"#ffffff"},{"acf_fc_layout":"free_content","columns_num":"2","place_vertical_line":false,"small_margin":false,"content":"<h6 class=\"title font-bold uk-width-1-4 uk-first-column\" style=\"padding-left: 30px;\"><a href=\"https:\/\/veritas.art\/en\/lot\/a-three-graces-centrepiece-2137969556\/?chosen=1\"><em>Lot 355<\/em><\/a><\/h6>\n<div class=\"uk-width-3-4\" style=\"padding-left: 30px;\">\n<header class=\"lot-info__section\">\n<h2 class=\"title name\">THE Chic Fish Table<\/h2>\n<\/header>\n<\/div>\n<p>&nbsp;<\/p>\n<p><img loading=\"lazy\" decoding=\"async\" class=\"alignnone wp-image-217130 size-full\" src=\"https:\/\/veritas.art\/wp-content\/uploads\/2021\/11\/IMG_0181.jpg\" alt=\"\" width=\"5484\" height=\"3656\" srcset=\"https:\/\/veritas.art\/wp-content\/uploads\/2021\/11\/IMG_0181.jpg 5484w, https:\/\/veritas.art\/wp-content\/uploads\/2021\/11\/IMG_0181-640x427.jpg 640w\" sizes=\"auto, (max-width: 5484px) 100vw, 5484px\" \/><\/p>\n<div class=\"uk-width-3-4\" style=\"padding-left: 30px;\">\n<h2 class=\"title name\"><\/h2>\n<\/div>\n","content_second_column":"<div class=\"uk-width-3-4\" style=\"padding-left: 30px;\">\n<h2 class=\"title name\"><\/h2>\n<\/div>\n<p><img loading=\"lazy\" decoding=\"async\" class=\"alignnone wp-image-217132 size-full\" src=\"https:\/\/veritas.art\/wp-content\/uploads\/2021\/11\/IMG_0213_1.jpg\" alt=\"\" width=\"5576\" height=\"3717\" srcset=\"https:\/\/veritas.art\/wp-content\/uploads\/2021\/11\/IMG_0213_1.jpg 5576w, https:\/\/veritas.art\/wp-content\/uploads\/2021\/11\/IMG_0213_1-640x427.jpg 640w\" sizes=\"auto, (max-width: 5576px) 100vw, 5576px\" \/><\/p>\n<p>&nbsp;<\/p>\n<h6 class=\"title font-bold uk-width-1-4 uk-first-column\" style=\"padding-left: 30px;\"><em><a href=\"https:\/\/veritas.art\/en\/lot\/a-large-openwork-cup-985180746\/?chosen=1\">Lot 105<\/a><\/em><\/h6>\n<div class=\"uk-width-3-4\" style=\"padding-left: 30px;\">\n<h2 class=\"title name\">THE Coffee-tea Table<\/h2>\n<\/div>\n","padding_top":"70","padding_bottom":"70","text_large_height":false,"small_width_layout":false,"id":""},{"acf_fc_layout":"banner","banner_title":"L' Art de La Table","banner_sub_title":"A conversation with Jean-Francois Le D\u00fb","banner_image":{"ID":217134,"id":217134,"title":"Screen Shot 2021-11-08 at 15.03.07","filename":"Screen-Shot-2021-11-08-at-15.03.07.png","filesize":5724044,"url":"https:\/\/veritas.art\/wp-content\/uploads\/2021\/11\/Screen-Shot-2021-11-08-at-15.03.07.png","link":"https:\/\/veritas.art\/en\/online-viewing-leilao-111-pt\/screen-shot-2021-11-08-at-15-03-07\/","alt":"","author":"5529","description":"","caption":"","name":"screen-shot-2021-11-08-at-15-03-07","status":"inherit","uploaded_to":217126,"date":"2021-11-08 15:03:18","modified":"2021-11-08 15:03:18","menu_order":0,"mime_type":"image\/png","type":"image","subtype":"png","icon":"https:\/\/veritas.art\/wp-includes\/images\/media\/default.png","width":2880,"height":1612,"sizes":{"thumbnail":"https:\/\/veritas.art\/wp-content\/uploads\/2021\/11\/Screen-Shot-2021-11-08-at-15.03.07-150x150.png","thumbnail-width":150,"thumbnail-height":150,"medium":"https:\/\/veritas.art\/wp-content\/uploads\/2021\/11\/Screen-Shot-2021-11-08-at-15.03.07.png","medium-width":300,"medium-height":168,"medium_large":"https:\/\/veritas.art\/wp-content\/uploads\/2021\/11\/Screen-Shot-2021-11-08-at-15.03.07.png","medium_large-width":768,"medium_large-height":430,"large":"https:\/\/veritas.art\/wp-content\/uploads\/2021\/11\/Screen-Shot-2021-11-08-at-15.03.07.png","large-width":1024,"large-height":573,"1536x1536":"https:\/\/veritas.art\/wp-content\/uploads\/2021\/11\/Screen-Shot-2021-11-08-at-15.03.07.png","1536x1536-width":1536,"1536x1536-height":860,"2048x2048":"https:\/\/veritas.art\/wp-content\/uploads\/2021\/11\/Screen-Shot-2021-11-08-at-15.03.07.png","2048x2048-width":2048,"2048x2048-height":1146,"v_medium":"https:\/\/veritas.art\/wp-content\/uploads\/2021\/11\/Screen-Shot-2021-11-08-at-15.03.07-640x358.png","v_medium-width":640,"v_medium-height":358,"gform-image-choice-sm":"https:\/\/veritas.art\/wp-content\/uploads\/2021\/11\/Screen-Shot-2021-11-08-at-15.03.07.png","gform-image-choice-sm-width":300,"gform-image-choice-sm-height":168,"gform-image-choice-md":"https:\/\/veritas.art\/wp-content\/uploads\/2021\/11\/Screen-Shot-2021-11-08-at-15.03.07.png","gform-image-choice-md-width":400,"gform-image-choice-md-height":224,"gform-image-choice-lg":"https:\/\/veritas.art\/wp-content\/uploads\/2021\/11\/Screen-Shot-2021-11-08-at-15.03.07.png","gform-image-choice-lg-width":600,"gform-image-choice-lg-height":336}},"banner_video":{"ID":217227,"id":217227,"title":"Veritas_francois_weba","filename":"Veritas_francois_weba-1.mp4","filesize":7968109,"url":"https:\/\/veritas.art\/wp-content\/uploads\/2021\/11\/Veritas_francois_weba-1.mp4","link":"https:\/\/veritas.art\/en\/online-viewing-leilao-111-pt\/veritas_francois_weba\/","alt":"","author":"5529","description":"","caption":"","name":"veritas_francois_weba","status":"inherit","uploaded_to":217208,"date":"2021-11-10 12:03:30","modified":"2021-11-10 12:03:30","menu_order":0,"mime_type":"video\/mp4","type":"video","subtype":"mp4","icon":"https:\/\/veritas.art\/wp-includes\/images\/media\/video.png","width":1920,"height":1080},"banner_has_lightbox":true,"banner_video_source":"vimeo","banner_video_id":"https:\/\/vimeo.com\/637416900","banner_color_filter":""},{"acf_fc_layout":"free_content","columns_num":"2","place_vertical_line":false,"small_margin":false,"content":"<h6 class=\"title font-bold uk-width-1-4 uk-first-column\" style=\"padding-left: 30px;\"><a href=\"https:\/\/veritas.art\/en\/lot\/a-rare-versailles-royal-pot-756696356\/?chosen=1\"><em>Lot 144<\/em><\/a><\/h6>\n<div class=\"uk-width-3-4\" style=\"padding-left: 30px;\">\n<header class=\"lot-info__section\">\n<h2 class=\"title name\">The Hunting Scene Table<\/h2>\n<\/header>\n<\/div>\n<p>&nbsp;<\/p>\n<p><img loading=\"lazy\" decoding=\"async\" class=\"alignnone wp-image-217138 size-full\" src=\"https:\/\/veritas.art\/wp-content\/uploads\/2021\/11\/IMG_0399-e1636390103745.jpg\" alt=\"\" width=\"5573\" height=\"3439\" srcset=\"https:\/\/veritas.art\/wp-content\/uploads\/2021\/11\/IMG_0399-e1636390103745.jpg 5573w, https:\/\/veritas.art\/wp-content\/uploads\/2021\/11\/IMG_0399-e1636390103745-640x395.jpg 640w, https:\/\/veritas.art\/wp-content\/uploads\/2021\/11\/IMG_0399-e1636390103745-300x185.jpg 300w, https:\/\/veritas.art\/wp-content\/uploads\/2021\/11\/IMG_0399-e1636390103745-768x474.jpg 768w, https:\/\/veritas.art\/wp-content\/uploads\/2021\/11\/IMG_0399-e1636390103745-1024x632.jpg 1024w\" sizes=\"auto, (max-width: 5573px) 100vw, 5573px\" \/><\/p>\n<div class=\"uk-width-3-4\" style=\"padding-left: 30px;\">\n<h2 class=\"title name\"><\/h2>\n<\/div>\n","content_second_column":"<h6 class=\"title font-bold uk-width-1-4 uk-first-column\" style=\"padding-left: 30px;\"><\/h6>\n<div class=\"uk-width-3-4\" style=\"padding-left: 30px;\">\n<h2 class=\"title name\"><\/h2>\n<\/div>\n<p><img loading=\"lazy\" decoding=\"async\" class=\"alignnone wp-image-217136 size-full\" src=\"https:\/\/veritas.art\/wp-content\/uploads\/2021\/11\/IMG_0083.jpg\" alt=\"\" width=\"5603\" height=\"3735\" srcset=\"https:\/\/veritas.art\/wp-content\/uploads\/2021\/11\/IMG_0083.jpg 5603w, https:\/\/veritas.art\/wp-content\/uploads\/2021\/11\/IMG_0083-640x427.jpg 640w\" sizes=\"auto, (max-width: 5603px) 100vw, 5603px\" \/><\/p>\n<p>&nbsp;<\/p>\n<h6 class=\"title font-bold uk-width-1-4 uk-first-column\" style=\"padding-left: 30px;\"><em><a href=\"https:\/\/veritas.art\/en\/lot\/a-large-mounted-nautilus-shell-1048741117\/?chosen=1\">Lot 36<\/a><\/em><\/h6>\n<div class=\"uk-width-3-4\" style=\"padding-left: 30px;\">\n<h2 class=\"title name\">THE It&#8217;s So Gold Table<\/h2>\n<\/div>\n","padding_top":"70","padding_bottom":"70","text_large_height":false,"small_width_layout":false,"id":""},{"acf_fc_layout":"free_content","columns_num":"2","place_vertical_line":false,"small_margin":false,"content":"<p><img loading=\"lazy\" decoding=\"async\" class=\"alignnone wp-image-217172 size-full\" src=\"https:\/\/veritas.art\/wp-content\/uploads\/2021\/11\/IMG_0436.jpg\" alt=\"\" width=\"3712\" height=\"5568\" srcset=\"https:\/\/veritas.art\/wp-content\/uploads\/2021\/11\/IMG_0436.jpg 3712w, https:\/\/veritas.art\/wp-content\/uploads\/2021\/11\/IMG_0436-640x960.jpg 640w\" sizes=\"auto, (max-width: 3712px) 100vw, 3712px\" \/><\/p>\n<div class=\"uk-width-3-4\" style=\"padding-left: 30px;\">\n<p>&nbsp;<\/p>\n<h6 class=\"title font-bold uk-width-1-4 uk-first-column\" style=\"padding-left: 30px;\"><a href=\"https:\/\/veritas.art\/en\/lot\/a-set-of-10-dinner-plates-920369576\/?chosen=1\"><em>Lot 15<\/em><\/a><\/h6>\n<div class=\"uk-width-3-4\" style=\"padding-left: 30px;\">\n<h2 class=\"title name\">The ORO NERO Table<\/h2>\n<\/div>\n<\/div>\n","content_second_column":"<h6 class=\"title font-bold uk-width-1-4 uk-first-column\" style=\"padding-left: 30px;\"><a href=\"https:\/\/veritas.art\/en\/lot\/a-pair-of-double-salt-cellars-686467468\/?chosen=1\"><em>Lot 434<\/em><\/a><\/h6>\n<div class=\"uk-width-3-4\" style=\"padding-left: 30px;\">\n<h2 class=\"title name\">The 18th Century PINK Table<\/h2>\n<\/div>\n<p><img loading=\"lazy\" decoding=\"async\" class=\"alignnone wp-image-217143 size-full\" src=\"https:\/\/veritas.art\/wp-content\/uploads\/2021\/11\/IMG_0358.jpg\" alt=\"\" width=\"3622\" height=\"5489\" srcset=\"https:\/\/veritas.art\/wp-content\/uploads\/2021\/11\/IMG_0358.jpg 3622w, https:\/\/veritas.art\/wp-content\/uploads\/2021\/11\/IMG_0358-640x970.jpg 640w\" sizes=\"auto, (max-width: 3622px) 100vw, 3622px\" \/><\/p>\n","padding_top":"70","padding_bottom":"70","text_large_height":false,"small_width_layout":false,"id":""},{"acf_fc_layout":"banner","banner_title":"The Empire Period Table","banner_sub_title":"Lot 52","banner_image":{"ID":217178,"id":217178,"title":"IMG_0129","filename":"IMG_0129.jpg","filesize":12744354,"url":"https:\/\/veritas.art\/wp-content\/uploads\/2021\/11\/IMG_0129.jpg","link":"https:\/\/veritas.art\/en\/online-viewing-leilao-111-pt\/img_0129\/","alt":"","author":"5529","description":"","caption":"","name":"img_0129","status":"inherit","uploaded_to":217126,"date":"2021-11-08 17:13:49","modified":"2021-11-08 17:13:49","menu_order":0,"mime_type":"image\/jpeg","type":"image","subtype":"jpeg","icon":"https:\/\/veritas.art\/wp-includes\/images\/media\/default.png","width":5148,"height":3432,"sizes":{"thumbnail":"https:\/\/veritas.art\/wp-content\/uploads\/2021\/11\/IMG_0129-150x150.jpg","thumbnail-width":150,"thumbnail-height":150,"medium":"https:\/\/veritas.art\/wp-content\/uploads\/2021\/11\/IMG_0129.jpg","medium-width":300,"medium-height":200,"medium_large":"https:\/\/veritas.art\/wp-content\/uploads\/2021\/11\/IMG_0129.jpg","medium_large-width":768,"medium_large-height":512,"large":"https:\/\/veritas.art\/wp-content\/uploads\/2021\/11\/IMG_0129.jpg","large-width":1024,"large-height":683,"1536x1536":"https:\/\/veritas.art\/wp-content\/uploads\/2021\/11\/IMG_0129.jpg","1536x1536-width":1536,"1536x1536-height":1024,"2048x2048":"https:\/\/veritas.art\/wp-content\/uploads\/2021\/11\/IMG_0129.jpg","2048x2048-width":2048,"2048x2048-height":1365,"v_medium":"https:\/\/veritas.art\/wp-content\/uploads\/2021\/11\/IMG_0129-640x427.jpg","v_medium-width":640,"v_medium-height":427,"gform-image-choice-sm":"https:\/\/veritas.art\/wp-content\/uploads\/2021\/11\/IMG_0129.jpg","gform-image-choice-sm-width":300,"gform-image-choice-sm-height":200,"gform-image-choice-md":"https:\/\/veritas.art\/wp-content\/uploads\/2021\/11\/IMG_0129.jpg","gform-image-choice-md-width":400,"gform-image-choice-md-height":267,"gform-image-choice-lg":"https:\/\/veritas.art\/wp-content\/uploads\/2021\/11\/IMG_0129.jpg","gform-image-choice-lg-width":600,"gform-image-choice-lg-height":400}},"banner_video":false,"banner_has_lightbox":false,"banner_video_source":"vimeo","banner_video_id":"https:\/\/vimeo.com\/manage\/videos\/534853551","banner_color_filter":"#000"},{"acf_fc_layout":"free_content","columns_num":"2","place_vertical_line":false,"small_margin":false,"content":"<h6 class=\"title font-bold uk-width-1-4 uk-first-column\" style=\"padding-left: 30px;\"><a href=\"https:\/\/veritas.art\/en\/lot\/an-empire-squirrel-teapot-889069816\/?chosen=1\"><em>Lot 184<\/em><\/a><\/h6>\n<div class=\"uk-width-3-4\" style=\"padding-left: 30px;\">\n<h2 class=\"title name\">The White Look Table<\/h2>\n<\/div>\n<p><img loading=\"lazy\" decoding=\"async\" class=\"alignnone wp-image-217190 size-full\" src=\"https:\/\/veritas.art\/wp-content\/uploads\/2021\/11\/IMG_0412-1.jpg\" alt=\"\" width=\"5592\" height=\"3728\" srcset=\"https:\/\/veritas.art\/wp-content\/uploads\/2021\/11\/IMG_0412-1.jpg 5592w, https:\/\/veritas.art\/wp-content\/uploads\/2021\/11\/IMG_0412-1-640x427.jpg 640w\" sizes=\"auto, (max-width: 5592px) 100vw, 5592px\" \/><\/p>\n","content_second_column":"<p>&nbsp;<\/p>\n<h2 style=\"text-align: center;\"><img loading=\"lazy\" decoding=\"async\" class=\"alignnone wp-image-217192 size-full\" src=\"https:\/\/veritas.art\/wp-content\/uploads\/2021\/11\/IMG_0242.jpg\" alt=\"\" width=\"5616\" height=\"3725\" srcset=\"https:\/\/veritas.art\/wp-content\/uploads\/2021\/11\/IMG_0242.jpg 5616w, https:\/\/veritas.art\/wp-content\/uploads\/2021\/11\/IMG_0242-640x425.jpg 640w\" sizes=\"auto, (max-width: 5616px) 100vw, 5616px\" \/><\/h2>\n<h6 class=\"title font-bold uk-width-1-4 uk-first-column\" style=\"padding-left: 30px;\"><a href=\"https:\/\/veritas.art\/en\/lot\/a-pair-of-a-louis-xvi-angels-candelabra-328559176\/?chosen=1\"><em>Lot 404<\/em><\/a><\/h6>\n<div class=\"uk-width-3-4\" style=\"padding-left: 30px;\">\n<header class=\"lot-info__section\">\n<h2 class=\"title name\">THE H\u00d4tel de La Marine Table<\/h2>\n<\/header>\n<\/div>\n","padding_top":"70","padding_bottom":"70","text_large_height":false,"small_width_layout":false,"id":""},{"acf_fc_layout":"free_content","columns_num":"2","place_vertical_line":false,"small_margin":false,"content":"<h6 class=\"title font-bold uk-width-1-4 uk-first-column\" style=\"padding-left: 30px;\"><a href=\"https:\/\/veritas.art\/en\/lot\/a-32-piece-dining-set-511680812\/?chosen=1\"><em>Lot 280<\/em><\/a><\/h6>\n<div class=\"uk-width-3-4\" style=\"padding-left: 30px;\">\n<h2 class=\"title name\">The Crazy Hen Table<\/h2>\n<\/div>\n<p><img loading=\"lazy\" decoding=\"async\" class=\"alignnone wp-image-217181 size-full\" src=\"https:\/\/veritas.art\/wp-content\/uploads\/2021\/11\/IMG_0292_1.jpg\" alt=\"\" width=\"5532\" height=\"3688\" srcset=\"https:\/\/veritas.art\/wp-content\/uploads\/2021\/11\/IMG_0292_1.jpg 5532w, https:\/\/veritas.art\/wp-content\/uploads\/2021\/11\/IMG_0292_1-640x427.jpg 640w\" sizes=\"auto, (max-width: 5532px) 100vw, 5532px\" \/><\/p>\n","content_second_column":"<p>&nbsp;<\/p>\n<h2 style=\"text-align: center;\"><img loading=\"lazy\" decoding=\"async\" class=\"alignnone wp-image-217183 size-full\" src=\"https:\/\/veritas.art\/wp-content\/uploads\/2021\/11\/IMG_0327.jpg\" alt=\"\" width=\"5574\" height=\"3721\" srcset=\"https:\/\/veritas.art\/wp-content\/uploads\/2021\/11\/IMG_0327.jpg 5574w, https:\/\/veritas.art\/wp-content\/uploads\/2021\/11\/IMG_0327-640x427.jpg 640w\" sizes=\"auto, (max-width: 5574px) 100vw, 5574px\" \/><\/h2>\n<h6 class=\"title font-bold uk-width-1-4 uk-first-column\" style=\"padding-left: 30px;\"><a href=\"https:\/\/veritas.art\/en\/lot\/a-part-dinner-set-529129684\/?chosen=1\"><em>Lot 310<\/em><\/a><\/h6>\n<div class=\"uk-width-3-4\" style=\"padding-left: 30px;\">\n<header class=\"lot-info__section\">\n<h2 class=\"title name\">THE Canton Revisited Table<\/h2>\n<\/header>\n<\/div>\n","padding_top":"70","padding_bottom":"70","text_large_height":false,"small_width_layout":false,"id":""},{"acf_fc_layout":"banner","banner_title":"Private Viewing","banner_sub_title":"Meet the collector Jean-Fran\u00e7ois Le D\u00fb, learn about his passion for L\u2019 Art de la Table and discover the French savoir-faire through 11 different mises-en-sc\u00e8nes created for the occasion","banner_image":{"ID":217127,"id":217127,"title":"2H9A6823","filename":"2H9A6823.jpg","filesize":16456609,"url":"https:\/\/veritas.art\/wp-content\/uploads\/2021\/11\/2H9A6823.jpg","link":"https:\/\/veritas.art\/en\/online-viewing-leilao-111-pt\/2h9a6823\/","alt":"","author":"5529","description":"","caption":"","name":"2h9a6823","status":"inherit","uploaded_to":217126,"date":"2021-11-08 14:59:25","modified":"2021-11-08 14:59:25","menu_order":0,"mime_type":"image\/jpeg","type":"image","subtype":"jpeg","icon":"https:\/\/veritas.art\/wp-includes\/images\/media\/default.png","width":6720,"height":4480,"sizes":{"thumbnail":"https:\/\/veritas.art\/wp-content\/uploads\/2021\/11\/2H9A6823-150x150.jpg","thumbnail-width":150,"thumbnail-height":150,"medium":"https:\/\/veritas.art\/wp-content\/uploads\/2021\/11\/2H9A6823.jpg","medium-width":300,"medium-height":200,"medium_large":"https:\/\/veritas.art\/wp-content\/uploads\/2021\/11\/2H9A6823.jpg","medium_large-width":768,"medium_large-height":512,"large":"https:\/\/veritas.art\/wp-content\/uploads\/2021\/11\/2H9A6823.jpg","large-width":1024,"large-height":683,"1536x1536":"https:\/\/veritas.art\/wp-content\/uploads\/2021\/11\/2H9A6823.jpg","1536x1536-width":1536,"1536x1536-height":1024,"2048x2048":"https:\/\/veritas.art\/wp-content\/uploads\/2021\/11\/2H9A6823.jpg","2048x2048-width":2048,"2048x2048-height":1365,"v_medium":"https:\/\/veritas.art\/wp-content\/uploads\/2021\/11\/2H9A6823-640x427.jpg","v_medium-width":640,"v_medium-height":427,"gform-image-choice-sm":"https:\/\/veritas.art\/wp-content\/uploads\/2021\/11\/2H9A6823.jpg","gform-image-choice-sm-width":300,"gform-image-choice-sm-height":200,"gform-image-choice-md":"https:\/\/veritas.art\/wp-content\/uploads\/2021\/11\/2H9A6823.jpg","gform-image-choice-md-width":400,"gform-image-choice-md-height":267,"gform-image-choice-lg":"https:\/\/veritas.art\/wp-content\/uploads\/2021\/11\/2H9A6823.jpg","gform-image-choice-lg-width":600,"gform-image-choice-lg-height":400}},"banner_video":false,"banner_has_lightbox":false,"banner_video_source":"youtube","banner_video_id":"","banner_color_filter":"#000"}],"newsletter_title":"Seja o primeiro<br>a saber de todos os nossos<br>eventos e leil\u00f5es","newsletter_sub_title":"Subscreva a nossa newsletter","newsletter_success_title":"Obrigado por subscrever a nossa newsletter.","newsletter_success_sub_title":"O seu pedido de subscri\u00e7\u00e3o foi confirmado.<br>Receber\u00e1 mais informa\u00e7\u00f5es por e-mail em breve.","display_newsletter_form_general":false,"hero_image":{"ID":174543,"id":174543,"title":"joao3 co\u0301pia","filename":"joao3-co\u0301pia.jpg","filesize":16015090,"url":"https:\/\/veritas.art\/wp-content\/uploads\/2020\/04\/joao3-co\u0301pia.jpg","link":"https:\/\/veritas.art\/en\/teste-viewing-room-catarina\/joao3-copia\/","alt":"","author":"44","description":"","caption":"","name":"joao3-copia","status":"inherit","uploaded_to":174515,"date":"2020-04-28 14:20:46","modified":"2020-04-28 14:20:46","menu_order":0,"mime_type":"image\/jpeg","type":"image","subtype":"jpeg","icon":"https:\/\/veritas.art\/wp-includes\/images\/media\/default.png","width":6720,"height":4480,"sizes":{"thumbnail":"https:\/\/veritas.art\/wp-content\/uploads\/2020\/04\/joao3-co\u0301pia-150x150.jpg","thumbnail-width":150,"thumbnail-height":150,"medium":"https:\/\/veritas.art\/wp-content\/uploads\/2020\/04\/joao3-co\u0301pia.jpg","medium-width":300,"medium-height":200,"medium_large":"https:\/\/veritas.art\/wp-content\/uploads\/2020\/04\/joao3-co\u0301pia.jpg","medium_large-width":768,"medium_large-height":512,"large":"https:\/\/veritas.art\/wp-content\/uploads\/2020\/04\/joao3-co\u0301pia.jpg","large-width":1024,"large-height":683,"1536x1536":"https:\/\/veritas.art\/wp-content\/uploads\/2020\/04\/joao3-co\u0301pia.jpg","1536x1536-width":1536,"1536x1536-height":1024,"2048x2048":"https:\/\/veritas.art\/wp-content\/uploads\/2020\/04\/joao3-co\u0301pia.jpg","2048x2048-width":2048,"2048x2048-height":1365,"v_medium":"https:\/\/veritas.art\/wp-content\/uploads\/2020\/04\/joao3-co\u0301pia-640x427.jpg","v_medium-width":640,"v_medium-height":427,"gform-image-choice-sm":"https:\/\/veritas.art\/wp-content\/uploads\/2020\/04\/joao3-co\u0301pia.jpg","gform-image-choice-sm-width":300,"gform-image-choice-sm-height":200,"gform-image-choice-md":"https:\/\/veritas.art\/wp-content\/uploads\/2020\/04\/joao3-co\u0301pia.jpg","gform-image-choice-md-width":400,"gform-image-choice-md-height":267,"gform-image-choice-lg":"https:\/\/veritas.art\/wp-content\/uploads\/2020\/04\/joao3-co\u0301pia.jpg","gform-image-choice-lg-width":600,"gform-image-choice-lg-height":400}},"hero_title":"ONLINE VIEWING","hero_sub_title":"Leil\u00e3o 96 - Arte Moderna e Contempor\u00e2nea","hero_filter_color":"#000","hero_filter_opacity":"","display_hero":false},"_links":{"self":[{"href":"https:\/\/veritas.art\/en\/wp-json\/wp\/v2\/pages\/217208","targetHints":{"allow":["GET"]}}],"collection":[{"href":"https:\/\/veritas.art\/en\/wp-json\/wp\/v2\/pages"}],"about":[{"href":"https:\/\/veritas.art\/en\/wp-json\/wp\/v2\/types\/page"}],"author":[{"embeddable":true,"href":"https:\/\/veritas.art\/en\/wp-json\/wp\/v2\/users\/5529"}],"replies":[{"embeddable":true,"href":"https:\/\/veritas.art\/en\/wp-json\/wp\/v2\/comments?post=217208"}],"version-history":[{"count":12,"href":"https:\/\/veritas.art\/en\/wp-json\/wp\/v2\/pages\/217208\/revisions"}],"predecessor-version":[{"id":217276,"href":"https:\/\/veritas.art\/en\/wp-json\/wp\/v2\/pages\/217208\/revisions\/217276"}],"wp:attachment":[{"href":"https:\/\/veritas.art\/en\/wp-json\/wp\/v2\/media?parent=217208"}],"curies":[{"name":"wp","href":"https:\/\/api.w.org\/{rel}","templated":true}]}}