{"id":214490,"date":"2021-10-26T14:16:42","date_gmt":"2021-10-26T14:16:42","guid":{"rendered":"https:\/\/veritas.art\/?page_id=214490"},"modified":"2021-10-26T15:51:48","modified_gmt":"2021-10-26T15:51:48","slug":"online-viewing-leilao-110-en","status":"publish","type":"page","link":"https:\/\/veritas.art\/en\/online-viewing-leilao-110-en\/","title":{"rendered":"ONLINE VIEWING &#8211; LEIL\u00c3O 110 EN"},"content":{"rendered":"&nbsp;\r\n\r\n&nbsp;\r\n\r\n\u00b4\r\n\r\n&nbsp;\r\n\r\n&nbsp;\r\n\r\n&nbsp;\r\n\r\n&nbsp;\r\n\r\n&nbsp;\r\n\r\n&nbsp;\r\n\r\n&nbsp;\r\n\r\n&nbsp;","protected":false},"excerpt":{"rendered":"<p>&nbsp; &nbsp; \u00b4 &nbsp; &nbsp; &nbsp; &nbsp; &nbsp; &nbsp; &nbsp; &nbsp;<\/p>\n","protected":false},"author":5529,"featured_media":0,"parent":0,"menu_order":0,"comment_status":"closed","ping_status":"closed","template":"","meta":{"_acf_changed":false,"footnotes":""},"class_list":["post-214490","page","type-page","status-publish","hentry"],"acf":{"flexible_content":[{"acf_fc_layout":"banner","banner_title":"Online Viewing","banner_sub_title":"We invite you to browse auction 110","banner_image":{"ID":214472,"id":214472,"title":"Screen Shot 2021-10-26 at 14.50.08","filename":"Screen-Shot-2021-10-26-at-14.50.08.png","filesize":4621389,"url":"https:\/\/veritas.art\/wp-content\/uploads\/2021\/10\/Screen-Shot-2021-10-26-at-14.50.08.png","link":"https:\/\/veritas.art\/en\/online-viewing-leilao-110\/screen-shot-2021-10-26-at-14-50-08\/","alt":"","author":"5529","description":"","caption":"","name":"screen-shot-2021-10-26-at-14-50-08","status":"inherit","uploaded_to":214403,"date":"2021-10-26 13:50:19","modified":"2021-10-26 13:50:19","menu_order":0,"mime_type":"image\/png","type":"image","subtype":"png","icon":"https:\/\/veritas.art\/wp-includes\/images\/media\/default.png","width":2866,"height":1624,"sizes":{"thumbnail":"https:\/\/veritas.art\/wp-content\/uploads\/2021\/10\/Screen-Shot-2021-10-26-at-14.50.08-150x150.png","thumbnail-width":150,"thumbnail-height":150,"medium":"https:\/\/veritas.art\/wp-content\/uploads\/2021\/10\/Screen-Shot-2021-10-26-at-14.50.08.png","medium-width":300,"medium-height":170,"medium_large":"https:\/\/veritas.art\/wp-content\/uploads\/2021\/10\/Screen-Shot-2021-10-26-at-14.50.08.png","medium_large-width":768,"medium_large-height":435,"large":"https:\/\/veritas.art\/wp-content\/uploads\/2021\/10\/Screen-Shot-2021-10-26-at-14.50.08.png","large-width":1024,"large-height":580,"1536x1536":"https:\/\/veritas.art\/wp-content\/uploads\/2021\/10\/Screen-Shot-2021-10-26-at-14.50.08.png","1536x1536-width":1536,"1536x1536-height":870,"2048x2048":"https:\/\/veritas.art\/wp-content\/uploads\/2021\/10\/Screen-Shot-2021-10-26-at-14.50.08.png","2048x2048-width":2048,"2048x2048-height":1160,"v_medium":"https:\/\/veritas.art\/wp-content\/uploads\/2021\/10\/Screen-Shot-2021-10-26-at-14.50.08-640x363.png","v_medium-width":640,"v_medium-height":363,"gform-image-choice-sm":"https:\/\/veritas.art\/wp-content\/uploads\/2021\/10\/Screen-Shot-2021-10-26-at-14.50.08.png","gform-image-choice-sm-width":300,"gform-image-choice-sm-height":170,"gform-image-choice-md":"https:\/\/veritas.art\/wp-content\/uploads\/2021\/10\/Screen-Shot-2021-10-26-at-14.50.08.png","gform-image-choice-md-width":400,"gform-image-choice-md-height":227,"gform-image-choice-lg":"https:\/\/veritas.art\/wp-content\/uploads\/2021\/10\/Screen-Shot-2021-10-26-at-14.50.08.png","gform-image-choice-lg-width":600,"gform-image-choice-lg-height":340}},"banner_video":{"ID":214470,"id":214470,"title":"GALERIA_SITE","filename":"GALERIA_SITE.mp4","filesize":43787673,"url":"https:\/\/veritas.art\/wp-content\/uploads\/2021\/10\/GALERIA_SITE.mp4","link":"https:\/\/veritas.art\/en\/online-viewing-leilao-110\/galeria_site\/","alt":"","author":"5529","description":"","caption":"","name":"galeria_site","status":"inherit","uploaded_to":214403,"date":"2021-10-26 13:50:06","modified":"2021-10-26 13:50:06","menu_order":0,"mime_type":"video\/mp4","type":"video","subtype":"mp4","icon":"https:\/\/veritas.art\/wp-includes\/images\/media\/video.png","width":1920,"height":1080},"banner_has_lightbox":true,"banner_video_source":"vimeo","banner_video_id":"https:\/\/vimeo.com\/639102418","banner_color_filter":"#ffffff"},{"acf_fc_layout":"free_content","columns_num":"2","place_vertical_line":false,"small_margin":false,"content":"<div class=\"uk-width-3-4\" style=\"padding-left: 20px;\"><\/div>\n<p>&nbsp;<\/p>\n<h6 class=\"title font-bold uk-width-1-4 uk-first-column\" style=\"padding-left: 30px; text-align: left;\"><a href=\"https:\/\/veritas.art\/en\/lot\/untitled-90s-25901741\/?chosen=1\"><em>Lot 5<\/em><\/a><\/h6>\n<div class=\"uk-width-3-4\" style=\"padding-left: 30px;\">\n<h2 style=\"text-align: left;\"><a href=\"https:\/\/veritas.art\/en\/lot\/untitled-90s-25901741\/?chosen=1\">MATT MULLICAN, UNTITLED 90s<\/a><\/h2>\n<p><em>&#8220;I&#8217;m much more involved with the meaning of things and less with the form of things and that&#8217;s why many critics think I&#8217;m a surrealist, which is a fallacy. Conceptual art points to form and to the subject where form is the content; language is the content. But all of this is rational and much of my work is irrational because I believe the subject is irrational.&#8221;<\/em><\/p>\n<p>Interview by Antonia Gaeta to Matt Mullican, in Revista Contempor\u00e2nea, 2018<\/p>\n<\/div>\n<p>&nbsp;<\/p>\n<p>&nbsp;<\/p>\n<p>&nbsp;<\/p>\n<div style=\"width: 1920px;\" class=\"wp-video\"><!--[if lt IE 9]><script>document.createElement('video');<\/script><![endif]-->\n<video class=\"wp-video-shortcode\" id=\"video-214490-1\" width=\"1920\" height=\"1080\" poster=\"https:\/\/veritas.art\/wp-content\/uploads\/2021\/10\/Screen-Shot-2021-10-25-at-17.37.34.png\" preload=\"metadata\" controls=\"controls\"><source type=\"video\/mp4\" src=\"https:\/\/veritas.art\/wp-content\/uploads\/2021\/10\/ESCULTURA_web-1.mp4?_=1\" \/><a href=\"https:\/\/veritas.art\/wp-content\/uploads\/2021\/10\/ESCULTURA_web-1.mp4\">https:\/\/veritas.art\/wp-content\/uploads\/2021\/10\/ESCULTURA_web-1.mp4<\/a><\/video><\/div>\n<p>&nbsp;<\/p>\n<div class=\"uk-width-3-4\" style=\"padding-left: 30px;\">\n<div class=\"uk-width-3-4\" style=\"padding-left: 30px;\">\n<h2><\/h2>\n<\/div>\n<\/div>\n","content_second_column":"<div class=\"uk-width-3-4\" style=\"padding-left: 20px;\"><\/div>\n<div class=\"uk-width-3-4\" style=\"padding-left: 30px;\">\n<p>&nbsp;<\/p>\n<\/div>\n<p><strong>\u00a0<\/strong><\/p>\n<p>&nbsp;<\/p>\n<div style=\"width: 1920px;\" class=\"wp-video\"><video class=\"wp-video-shortcode\" id=\"video-214490-2\" width=\"1920\" height=\"1080\" poster=\"https:\/\/veritas.art\/wp-content\/uploads\/2021\/10\/Screen-Shot-2021-10-25-at-17.59.32.png\" preload=\"metadata\" controls=\"controls\"><source type=\"video\/mp4\" src=\"https:\/\/veritas.art\/wp-content\/uploads\/2021\/10\/francisco_tropa_video.mp4?_=2\" \/><a href=\"https:\/\/veritas.art\/wp-content\/uploads\/2021\/10\/francisco_tropa_video.mp4\">https:\/\/veritas.art\/wp-content\/uploads\/2021\/10\/francisco_tropa_video.mp4<\/a><\/video><\/div>\n<p>&nbsp;<\/p>\n<p>&nbsp;<\/p>\n<h6 class=\"title font-bold uk-width-1-4 uk-first-column\" style=\"padding-left: 30px; text-align: left;\"><a href=\"https:\/\/veritas.art\/en\/lot\/scripta-2010-1944875944\/\"><em>Lot 6<\/em><\/a><\/h6>\n<div class=\"uk-width-3-4\" style=\"padding-left: 30px;\">\n<h2 style=\"text-align: left;\"><a href=\"https:\/\/veritas.art\/en\/lot\/scripta-2010-1944875944\/\">FRANCISCO TROPA:\u00a0<\/a><a href=\"https:\/\/veritas.art\/lot\/scripta-2010-2071487777\/\">&#8220;SCRIPTA&#8221;, 2010<\/a><\/h2>\n<p><em>&#8220;(&#8230;) The most correct way of not classifying something, even when there is a repetition of gestures, is that it is always an answer and not an a priori.&#8221;<\/em><\/p>\n<p>Excerpts from a conversation on January 8th, 2003 (text by Diogo Lopes), in Revista Pangloss, 2003<\/p>\n<\/div>\n<div class=\"uk-width-3-4\" style=\"padding-left: 30px;\">\n<div class=\"uk-width-3-4\" style=\"padding-left: 30px;\">\n<h2><\/h2>\n<\/div>\n<\/div>\n","padding_top":"80","padding_bottom":"30","text_large_height":true,"small_width_layout":false,"id":""},{"acf_fc_layout":"free_content","columns_num":"2","place_vertical_line":false,"small_margin":false,"content":"<div class=\"uk-width-3-4\" style=\"padding-left: 20px;\"><\/div>\n<p>&nbsp;<\/p>\n<div style=\"width: 1920px;\" class=\"wp-video\"><video class=\"wp-video-shortcode\" id=\"video-214490-3\" width=\"1920\" height=\"1080\" poster=\"https:\/\/veritas.art\/wp-content\/uploads\/2021\/10\/Screen-Shot-2021-10-25-at-18.01.51-1.png\" preload=\"metadata\" controls=\"controls\"><source type=\"video\/mp4\" src=\"https:\/\/veritas.art\/wp-content\/uploads\/2021\/10\/Lourdes-castro.mp4?_=3\" \/><a href=\"https:\/\/veritas.art\/wp-content\/uploads\/2021\/10\/Lourdes-castro.mp4\">https:\/\/veritas.art\/wp-content\/uploads\/2021\/10\/Lourdes-castro.mp4<\/a><\/video><\/div>\n<p>&nbsp;<\/p>\n<p>&nbsp;<\/p>\n<h6 class=\"title font-bold uk-width-1-4 uk-first-column\" style=\"padding-left: 30px; text-align: left;\"><a href=\"https:\/\/veritas.art\/en\/lot\/dombres-680261261\/\"><em>Lot 205<\/em><\/a><\/h6>\n<div class=\"uk-width-3-4\" style=\"padding-left: 30px;\">\n<h2 style=\"text-align: left;\"><a href=\"https:\/\/veritas.art\/en\/lot\/dombres-680261261\/\">LOURDES CASTRO: &#8220;D\u00b4OMBRES&#8221;<\/a><\/h2>\n<\/div>\n<div class=\"uk-width-3-4\" style=\"padding-left: 30px;\">\n<div class=\"uk-width-3-4\" style=\"padding-left: 30px;\">\n<h2><\/h2>\n<\/div>\n<\/div>\n","content_second_column":"<div class=\"uk-width-3-4\" style=\"padding-left: 20px;\">\n<p>&nbsp;<\/p>\n<h6 class=\"title font-bold uk-width-1-4 uk-first-column\" style=\"padding-left: 30px;\"><a href=\"https:\/\/veritas.art\/en\/lot\/les-petits-chevaux-2142895435\/\"><em>Lot 43<\/em><\/a><\/h6>\n<div class=\"uk-width-3-4\" style=\"padding-left: 30px;\">\n<h2><a href=\"https:\/\/veritas.art\/en\/lot\/les-petits-chevaux-2142895435\/\">MIQUEL BARCEL\u00d3:\u00a0<\/a><a href=\"https:\/\/veritas.art\/lot\/les-petits-chevaux-96091359\/\">&#8220;LES PETITS CHEVAUX&#8221;<\/a><\/h2>\n<\/div>\n<div class=\"uk-width-3-4\" style=\"padding-left: 30px;\">\n<div class=\"uk-width-3-4\" style=\"padding-left: 30px;\">\n<h2><\/h2>\n<\/div>\n<\/div>\n<\/div>\n<div style=\"width: 1920px;\" class=\"wp-video\"><video class=\"wp-video-shortcode\" id=\"video-214490-4\" width=\"1920\" height=\"1080\" poster=\"https:\/\/veritas.art\/wp-content\/uploads\/2021\/10\/Screen-Shot-2021-10-26-at-14.52.51.png\" preload=\"metadata\" controls=\"controls\"><source type=\"video\/mp4\" src=\"https:\/\/veritas.art\/wp-content\/uploads\/2021\/10\/BARCELO_web.mp4?_=4\" \/><a href=\"https:\/\/veritas.art\/wp-content\/uploads\/2021\/10\/BARCELO_web.mp4\">https:\/\/veritas.art\/wp-content\/uploads\/2021\/10\/BARCELO_web.mp4<\/a><\/video><\/div>\n<h6><\/h6>\n<div class=\"uk-width-3-4\" style=\"padding-left: 30px;\">\n<div class=\"uk-width-3-4\" style=\"padding-left: 30px;\">\n<h2><\/h2>\n<\/div>\n<\/div>\n<p>&nbsp;<\/p>\n<p>&nbsp;<\/p>\n<p>&nbsp;<\/p>\n<div class=\"uk-width-3-4\" style=\"padding-left: 30px;\">\n<div class=\"uk-width-3-4\" style=\"padding-left: 30px;\">\n<h2><\/h2>\n<\/div>\n<\/div>\n","padding_top":"70","padding_bottom":"70","text_large_height":false,"small_width_layout":false,"id":""},{"acf_fc_layout":"banner","banner_title":"J\u00falio Pomar: \"Salom\u00e9 (aux petits poissons)\"","banner_sub_title":"Lot 163","banner_image":{"ID":214443,"id":214443,"title":"2H9A6657","filename":"2H9A6657.jpg","filesize":25033573,"url":"https:\/\/veritas.art\/wp-content\/uploads\/2021\/10\/2H9A6657.jpg","link":"https:\/\/veritas.art\/en\/online-viewing-leilao-110\/2h9a6657\/","alt":"","author":"5529","description":"","caption":"","name":"2h9a6657","status":"inherit","uploaded_to":214403,"date":"2021-10-25 17:22:28","modified":"2021-10-25 17:22:28","menu_order":0,"mime_type":"image\/jpeg","type":"image","subtype":"jpeg","icon":"https:\/\/veritas.art\/wp-includes\/images\/media\/default.png","width":6720,"height":4480,"sizes":{"thumbnail":"https:\/\/veritas.art\/wp-content\/uploads\/2021\/10\/2H9A6657-150x150.jpg","thumbnail-width":150,"thumbnail-height":150,"medium":"https:\/\/veritas.art\/wp-content\/uploads\/2021\/10\/2H9A6657.jpg","medium-width":300,"medium-height":200,"medium_large":"https:\/\/veritas.art\/wp-content\/uploads\/2021\/10\/2H9A6657.jpg","medium_large-width":768,"medium_large-height":512,"large":"https:\/\/veritas.art\/wp-content\/uploads\/2021\/10\/2H9A6657.jpg","large-width":1024,"large-height":683,"1536x1536":"https:\/\/veritas.art\/wp-content\/uploads\/2021\/10\/2H9A6657.jpg","1536x1536-width":1536,"1536x1536-height":1024,"2048x2048":"https:\/\/veritas.art\/wp-content\/uploads\/2021\/10\/2H9A6657.jpg","2048x2048-width":2048,"2048x2048-height":1365,"v_medium":"https:\/\/veritas.art\/wp-content\/uploads\/2021\/10\/2H9A6657-640x427.jpg","v_medium-width":640,"v_medium-height":427,"gform-image-choice-sm":"https:\/\/veritas.art\/wp-content\/uploads\/2021\/10\/2H9A6657.jpg","gform-image-choice-sm-width":300,"gform-image-choice-sm-height":200,"gform-image-choice-md":"https:\/\/veritas.art\/wp-content\/uploads\/2021\/10\/2H9A6657.jpg","gform-image-choice-md-width":400,"gform-image-choice-md-height":267,"gform-image-choice-lg":"https:\/\/veritas.art\/wp-content\/uploads\/2021\/10\/2H9A6657.jpg","gform-image-choice-lg-width":600,"gform-image-choice-lg-height":400}},"banner_video":false,"banner_has_lightbox":false,"banner_video_source":"vimeo","banner_video_id":"https:\/\/vimeo.com\/543092066","banner_color_filter":""},{"acf_fc_layout":"free_content","columns_num":"2","place_vertical_line":false,"small_margin":false,"content":"<p>&nbsp;<\/p>\n<h6 class=\"title font-bold uk-width-1-4 uk-first-column\" style=\"padding-left: 30px;\"><a href=\"https:\/\/veritas.art\/en\/lot\/untitled-553434483\/\"><em>Lot 22<\/em><\/a><\/h6>\n<div class=\"uk-width-3-4\" style=\"padding-left: 30px;\">\n<h2 class=\"title name\"><a href=\"https:\/\/veritas.art\/en\/lot\/untitled-553434483\/\"><span lang=\"PT\">Nuno Sousa Vieira:\u00a0<\/span><\/a><a href=\"https:\/\/veritas.art\/lot\/sem-titulo-1715384739\/\">&#8220;VIEW FROM THE ARTIST&#8217; STUDIO (PICTURE WINDOW) I&#8221;<\/a><\/h2>\n<\/div>\n<div class=\"uk-width-3-4\" style=\"padding-left: 20px;\">\n<div class=\"uk-width-3-4\" style=\"padding-left: 20px;\"><\/div>\n<\/div>\n<h2 style=\"text-align: center;\"><img loading=\"lazy\" decoding=\"async\" class=\"alignnone wp-image-214414 size-full\" src=\"https:\/\/veritas.art\/wp-content\/uploads\/2021\/10\/2H9A6629.jpg\" alt=\"\" width=\"6720\" height=\"4480\" srcset=\"https:\/\/veritas.art\/wp-content\/uploads\/2021\/10\/2H9A6629.jpg 6720w, https:\/\/veritas.art\/wp-content\/uploads\/2021\/10\/2H9A6629-640x427.jpg 640w\" sizes=\"auto, (max-width: 6720px) 100vw, 6720px\" \/><\/h2>\n<div class=\"uk-width-3-4\" style=\"padding-left: 20px;\">\n<h6 class=\"title font-bold uk-width-1-4 uk-first-column\" style=\"padding-left: 30px;\"><\/h6>\n<div class=\"uk-width-3-4\" style=\"padding-left: 20px;\"><\/div>\n<\/div>\n<p>&nbsp;<\/p>\n","content_second_column":"<div class=\"uk-width-3-4\" style=\"padding-left: 20px;\">\n<div class=\"uk-width-3-4\" style=\"padding-left: 30px;\">\n<div class=\"uk-width-3-4\" style=\"padding-left: 30px;\">\n<p>&nbsp;<\/p>\n<\/div>\n<\/div>\n<\/div>\n<h6><img loading=\"lazy\" decoding=\"async\" class=\"alignnone wp-image-214482 size-full\" src=\"https:\/\/veritas.art\/wp-content\/uploads\/2021\/10\/2H9A6610-1.jpg\" alt=\"\" width=\"6599\" height=\"4399\" srcset=\"https:\/\/veritas.art\/wp-content\/uploads\/2021\/10\/2H9A6610-1.jpg 6599w, https:\/\/veritas.art\/wp-content\/uploads\/2021\/10\/2H9A6610-1-640x427.jpg 640w\" sizes=\"auto, (max-width: 6599px) 100vw, 6599px\" \/><\/h6>\n<h6><\/h6>\n<p>&nbsp;<\/p>\n<h6 class=\"title font-bold uk-width-1-4 uk-first-column\" style=\"padding-left: 30px;\"><\/h6>\n<div class=\"uk-width-3-4\" style=\"padding-left: 30px;\">\n<div class=\"uk-width-3-4\" style=\"padding-left: 30px;\">\n<p><em>Photography Highlights<\/em><\/p>\n<h2 class=\"title name\"><span lang=\"PT\"><a href=\"https:\/\/veritas.art\/en\/lot\/gekrummter-bauchraum-wittgenstein-2004-1017149896\/?chosen=1\">Erwin wurM<\/a><\/span><\/h2>\n<h2 class=\"title name\"><a href=\"https:\/\/veritas.art\/en\/lot\/passeio-na-zona-2004-164721440\/?chosen=1\">jo\u00e3o maria gusm\u00e3o &amp; pedro paiva<\/a><\/h2>\n<h2 class=\"title name\"><a href=\"https:\/\/veritas.art\/lot\/verde-en-el-azul-1749505273\/\">MIGUEL RIO BRANCO<\/a><\/h2>\n<h2 class=\"title name\"><a href=\"https:\/\/veritas.art\/en\/lot\/alice-vs-lolita-2079624184\/?chosen=1\">OLEG KULIK<\/a><\/h2>\n<h2 class=\"title name\"><a href=\"https:\/\/veritas.art\/en\/lot\/treatment-wien-november-2011-645658393\/?chosen=1\">thomas zipp<\/a><\/h2>\n<h3 class=\"title -fancy author\"><\/h3>\n<h2 class=\"title name\"><\/h2>\n<h2 class=\"title name\"><\/h2>\n<\/div>\n<\/div>\n","padding_top":"70","padding_bottom":"70","text_large_height":true,"small_width_layout":false,"id":""},{"acf_fc_layout":"banner","banner_title":"Pablo Picasso: \"Profil De Jacqueline\" (A.R. 309)","banner_sub_title":"Lot 145","banner_image":{"ID":214421,"id":214421,"title":"2H9A6620","filename":"2H9A6620.jpg","filesize":18069372,"url":"https:\/\/veritas.art\/wp-content\/uploads\/2021\/10\/2H9A6620.jpg","link":"https:\/\/veritas.art\/en\/online-viewing-leilao-110\/2h9a6620\/","alt":"","author":"5529","description":"","caption":"","name":"2h9a6620","status":"inherit","uploaded_to":214403,"date":"2021-10-25 16:51:01","modified":"2021-10-25 16:51:01","menu_order":0,"mime_type":"image\/jpeg","type":"image","subtype":"jpeg","icon":"https:\/\/veritas.art\/wp-includes\/images\/media\/default.png","width":4480,"height":6720,"sizes":{"thumbnail":"https:\/\/veritas.art\/wp-content\/uploads\/2021\/10\/2H9A6620-150x150.jpg","thumbnail-width":150,"thumbnail-height":150,"medium":"https:\/\/veritas.art\/wp-content\/uploads\/2021\/10\/2H9A6620.jpg","medium-width":200,"medium-height":300,"medium_large":"https:\/\/veritas.art\/wp-content\/uploads\/2021\/10\/2H9A6620.jpg","medium_large-width":768,"medium_large-height":1152,"large":"https:\/\/veritas.art\/wp-content\/uploads\/2021\/10\/2H9A6620.jpg","large-width":683,"large-height":1024,"1536x1536":"https:\/\/veritas.art\/wp-content\/uploads\/2021\/10\/2H9A6620.jpg","1536x1536-width":1024,"1536x1536-height":1536,"2048x2048":"https:\/\/veritas.art\/wp-content\/uploads\/2021\/10\/2H9A6620.jpg","2048x2048-width":1365,"2048x2048-height":2048,"v_medium":"https:\/\/veritas.art\/wp-content\/uploads\/2021\/10\/2H9A6620-640x960.jpg","v_medium-width":640,"v_medium-height":960,"gform-image-choice-sm":"https:\/\/veritas.art\/wp-content\/uploads\/2021\/10\/2H9A6620.jpg","gform-image-choice-sm-width":200,"gform-image-choice-sm-height":300,"gform-image-choice-md":"https:\/\/veritas.art\/wp-content\/uploads\/2021\/10\/2H9A6620.jpg","gform-image-choice-md-width":267,"gform-image-choice-md-height":400,"gform-image-choice-lg":"https:\/\/veritas.art\/wp-content\/uploads\/2021\/10\/2H9A6620.jpg","gform-image-choice-lg-width":400,"gform-image-choice-lg-height":600}},"banner_video":false,"banner_has_lightbox":false,"banner_video_source":"youtube","banner_video_id":"","banner_color_filter":""}],"newsletter_title":"Seja o primeiro<br>a saber de todos os nossos<br>eventos e leil\u00f5es","newsletter_sub_title":"Subscreva a nossa newsletter","newsletter_success_title":"Obrigado por subscrever a nossa newsletter.","newsletter_success_sub_title":"O seu pedido de subscri\u00e7\u00e3o foi confirmado.<br>Receber\u00e1 mais informa\u00e7\u00f5es por e-mail em breve.","display_newsletter_form_general":false,"hero_image":{"ID":174543,"id":174543,"title":"joao3 co\u0301pia","filename":"joao3-co\u0301pia.jpg","filesize":16015090,"url":"https:\/\/veritas.art\/wp-content\/uploads\/2020\/04\/joao3-co\u0301pia.jpg","link":"https:\/\/veritas.art\/en\/teste-viewing-room-catarina\/joao3-copia\/","alt":"","author":"44","description":"","caption":"","name":"joao3-copia","status":"inherit","uploaded_to":174515,"date":"2020-04-28 14:20:46","modified":"2020-04-28 14:20:46","menu_order":0,"mime_type":"image\/jpeg","type":"image","subtype":"jpeg","icon":"https:\/\/veritas.art\/wp-includes\/images\/media\/default.png","width":6720,"height":4480,"sizes":{"thumbnail":"https:\/\/veritas.art\/wp-content\/uploads\/2020\/04\/joao3-co\u0301pia-150x150.jpg","thumbnail-width":150,"thumbnail-height":150,"medium":"https:\/\/veritas.art\/wp-content\/uploads\/2020\/04\/joao3-co\u0301pia.jpg","medium-width":300,"medium-height":200,"medium_large":"https:\/\/veritas.art\/wp-content\/uploads\/2020\/04\/joao3-co\u0301pia.jpg","medium_large-width":768,"medium_large-height":512,"large":"https:\/\/veritas.art\/wp-content\/uploads\/2020\/04\/joao3-co\u0301pia.jpg","large-width":1024,"large-height":683,"1536x1536":"https:\/\/veritas.art\/wp-content\/uploads\/2020\/04\/joao3-co\u0301pia.jpg","1536x1536-width":1536,"1536x1536-height":1024,"2048x2048":"https:\/\/veritas.art\/wp-content\/uploads\/2020\/04\/joao3-co\u0301pia.jpg","2048x2048-width":2048,"2048x2048-height":1365,"v_medium":"https:\/\/veritas.art\/wp-content\/uploads\/2020\/04\/joao3-co\u0301pia-640x427.jpg","v_medium-width":640,"v_medium-height":427,"gform-image-choice-sm":"https:\/\/veritas.art\/wp-content\/uploads\/2020\/04\/joao3-co\u0301pia.jpg","gform-image-choice-sm-width":300,"gform-image-choice-sm-height":200,"gform-image-choice-md":"https:\/\/veritas.art\/wp-content\/uploads\/2020\/04\/joao3-co\u0301pia.jpg","gform-image-choice-md-width":400,"gform-image-choice-md-height":267,"gform-image-choice-lg":"https:\/\/veritas.art\/wp-content\/uploads\/2020\/04\/joao3-co\u0301pia.jpg","gform-image-choice-lg-width":600,"gform-image-choice-lg-height":400}},"hero_title":"ONLINE VIEWING","hero_sub_title":"Leil\u00e3o 96 - Arte Moderna e Contempor\u00e2nea","hero_filter_color":"#000","hero_filter_opacity":"","display_hero":false},"_links":{"self":[{"href":"https:\/\/veritas.art\/en\/wp-json\/wp\/v2\/pages\/214490","targetHints":{"allow":["GET"]}}],"collection":[{"href":"https:\/\/veritas.art\/en\/wp-json\/wp\/v2\/pages"}],"about":[{"href":"https:\/\/veritas.art\/en\/wp-json\/wp\/v2\/types\/page"}],"author":[{"embeddable":true,"href":"https:\/\/veritas.art\/en\/wp-json\/wp\/v2\/users\/5529"}],"replies":[{"embeddable":true,"href":"https:\/\/veritas.art\/en\/wp-json\/wp\/v2\/comments?post=214490"}],"version-history":[{"count":6,"href":"https:\/\/veritas.art\/en\/wp-json\/wp\/v2\/pages\/214490\/revisions"}],"predecessor-version":[{"id":214500,"href":"https:\/\/veritas.art\/en\/wp-json\/wp\/v2\/pages\/214490\/revisions\/214500"}],"wp:attachment":[{"href":"https:\/\/veritas.art\/en\/wp-json\/wp\/v2\/media?parent=214490"}],"curies":[{"name":"wp","href":"https:\/\/api.w.org\/{rel}","templated":true}]}}