{"id":205262,"date":"2021-06-24T11:46:10","date_gmt":"2021-06-24T11:46:10","guid":{"rendered":"https:\/\/veritas.art\/?page_id=205262"},"modified":"2021-06-24T13:12:23","modified_gmt":"2021-06-24T13:12:23","slug":"online-viewing-leilao-107-en","status":"publish","type":"page","link":"https:\/\/veritas.art\/en\/online-viewing-leilao-107-en\/","title":{"rendered":"ONLINE VIEWING &#8211; LEIL\u00c3O 107 EN"},"content":{"rendered":"","protected":false},"excerpt":{"rendered":"","protected":false},"author":5529,"featured_media":0,"parent":0,"menu_order":0,"comment_status":"closed","ping_status":"closed","template":"","meta":{"_acf_changed":false,"footnotes":""},"class_list":["post-205262","page","type-page","status-publish","hentry"],"acf":{"flexible_content":[{"acf_fc_layout":"banner","banner_title":"Online Viewing","banner_sub_title":"We invite you to browse auction 107","banner_image":{"ID":205259,"id":205259,"title":"Screen Shot 2021-06-24 at 12.40.43","filename":"Screen-Shot-2021-06-24-at-12.40.43.png","filesize":5967465,"url":"https:\/\/veritas.art\/wp-content\/uploads\/2021\/06\/Screen-Shot-2021-06-24-at-12.40.43.png","link":"https:\/\/veritas.art\/en\/online-viewing-leilao-107-pt\/screen-shot-2021-06-24-at-12-40-43\/","alt":"","author":"5529","description":"","caption":"","name":"screen-shot-2021-06-24-at-12-40-43","status":"inherit","uploaded_to":204617,"date":"2021-06-24 11:41:26","modified":"2021-06-24 11:41:26","menu_order":0,"mime_type":"image\/png","type":"image","subtype":"png","icon":"https:\/\/veritas.art\/wp-includes\/images\/media\/default.png","width":2880,"height":1602,"sizes":{"thumbnail":"https:\/\/veritas.art\/wp-content\/uploads\/2021\/06\/Screen-Shot-2021-06-24-at-12.40.43-150x150.png","thumbnail-width":150,"thumbnail-height":150,"medium":"https:\/\/veritas.art\/wp-content\/uploads\/2021\/06\/Screen-Shot-2021-06-24-at-12.40.43.png","medium-width":300,"medium-height":167,"medium_large":"https:\/\/veritas.art\/wp-content\/uploads\/2021\/06\/Screen-Shot-2021-06-24-at-12.40.43.png","medium_large-width":768,"medium_large-height":427,"large":"https:\/\/veritas.art\/wp-content\/uploads\/2021\/06\/Screen-Shot-2021-06-24-at-12.40.43.png","large-width":1024,"large-height":570,"1536x1536":"https:\/\/veritas.art\/wp-content\/uploads\/2021\/06\/Screen-Shot-2021-06-24-at-12.40.43.png","1536x1536-width":1536,"1536x1536-height":854,"2048x2048":"https:\/\/veritas.art\/wp-content\/uploads\/2021\/06\/Screen-Shot-2021-06-24-at-12.40.43.png","2048x2048-width":2048,"2048x2048-height":1139,"v_medium":"https:\/\/veritas.art\/wp-content\/uploads\/2021\/06\/Screen-Shot-2021-06-24-at-12.40.43-640x356.png","v_medium-width":640,"v_medium-height":356,"gform-image-choice-sm":"https:\/\/veritas.art\/wp-content\/uploads\/2021\/06\/Screen-Shot-2021-06-24-at-12.40.43.png","gform-image-choice-sm-width":300,"gform-image-choice-sm-height":167,"gform-image-choice-md":"https:\/\/veritas.art\/wp-content\/uploads\/2021\/06\/Screen-Shot-2021-06-24-at-12.40.43.png","gform-image-choice-md-width":400,"gform-image-choice-md-height":223,"gform-image-choice-lg":"https:\/\/veritas.art\/wp-content\/uploads\/2021\/06\/Screen-Shot-2021-06-24-at-12.40.43.png","gform-image-choice-lg-width":600,"gform-image-choice-lg-height":334}},"banner_video":{"ID":205256,"id":205256,"title":"EXPOSI\u00c7AO_01site","filename":"EXPOSI\u00c7AO_01site-2.mp4","filesize":7075628,"url":"https:\/\/veritas.art\/wp-content\/uploads\/2021\/06\/EXPOSI\u00c7AO_01site-2.mp4","link":"https:\/\/veritas.art\/en\/online-viewing-leilao-107-pt\/exposicao_01site-3\/","alt":"","author":"5529","description":"","caption":"","name":"exposicao_01site-3","status":"inherit","uploaded_to":204617,"date":"2021-06-24 11:39:30","modified":"2021-06-24 11:39:30","menu_order":0,"mime_type":"video\/mp4","type":"video","subtype":"mp4","icon":"https:\/\/veritas.art\/wp-includes\/images\/media\/video.png","width":1920,"height":1080},"banner_has_lightbox":true,"banner_video_source":"vimeo","banner_video_id":"https:\/\/vimeo.com\/566983624","banner_color_filter":"#ffffff"},{"acf_fc_layout":"free_content","columns_num":"2","place_vertical_line":false,"small_margin":false,"content":"<div style=\"width: 1920px;\" class=\"wp-video\"><!--[if lt IE 9]><script>document.createElement('video');<\/script><![endif]-->\n<video class=\"wp-video-shortcode\" id=\"video-205262-1\" width=\"1920\" height=\"1080\" poster=\"https:\/\/veritas.art\/wp-content\/uploads\/2021\/06\/Screen-Shot-2021-06-23-at-17.14.52.png\" preload=\"metadata\" controls=\"controls\"><source type=\"video\/mp4\" src=\"https:\/\/veritas.art\/wp-content\/uploads\/2021\/06\/VERITAS_107_PRATODING_dingplate-1.mp4?_=1\" \/><a href=\"https:\/\/veritas.art\/wp-content\/uploads\/2021\/06\/VERITAS_107_PRATODING_dingplate-1.mp4\">https:\/\/veritas.art\/wp-content\/uploads\/2021\/06\/VERITAS_107_PRATODING_dingplate-1.mp4<\/a><\/video><\/div>\n<p>&nbsp;<\/p>\n<h6 class=\"title font-bold uk-width-1-4 uk-first-column\" style=\"padding-left: 30px;\"><a href=\"https:\/\/veritas.art\/en\/lot\/a-ding-plate-12613651\/?chosen=1\"><em>Lot 573<\/em><\/a><\/h6>\n<div class=\"uk-width-3-4\" style=\"padding-left: 30px;\">\n<header class=\"lot-info__section\">\n<h2 class=\"title name\"><a href=\"https:\/\/veritas.art\/en\/lot\/a-ding-plate-12613651\/?chosen=1\">a ding plate<br \/>\nJin dynasty\u00a0<\/a><a href=\"https:\/\/veritas.art\/lot\/prato-ding-1508898524\/\">(1115-1234)<\/a><\/h2>\n<h2 class=\"title name\"><\/h2>\n<h2 class=\"title name\"><\/h2>\n<\/header>\n<\/div>\n<p>&nbsp;<\/p>\n","content_second_column":"<div class=\"uk-width-3-4\" style=\"padding-left: 20px;\">\n<div class=\"uk-width-3-4\" style=\"padding-left: 30px;\">\n<div class=\"uk-width-3-4\" style=\"padding-left: 30px;\">\n<p>&nbsp;<\/p>\n<\/div>\n<\/div>\n<\/div>\n<p>&nbsp;<\/p>\n<h6 class=\"title font-bold uk-width-1-4 uk-first-column\" style=\"padding-left: 30px;\"><a href=\"https:\/\/veritas.art\/en\/lot\/a-pair-of-luiz-ferreira-dignitaries-110577958\/?chosen=1\"><em>Lots 353 to 380<\/em><\/a><\/h6>\n<div class=\"uk-width-3-4\" style=\"padding-left: 30px;\">\n<h2 class=\"title name\"><a href=\"https:\/\/veritas.art\/en\/lot\/a-pair-of-luiz-ferreira-dignitaries-110577958\/?chosen=1\">Luiz Ferreira<\/a><\/h2>\n<\/div>\n<p style=\"text-align: left; padding-left: 30px;\"><em>\u201cGerald is convinced you\u2019ve your place in \u2018Histoire des bels object\u2019 and in year 2000 people will be collecting Ferreira as avid as Faberg\u00e9\u201d.<\/em><\/p>\n<p style=\"text-align: left; padding-left: 30px;\"><em>[From a letter by Gerald van der Kemp wife a Luiz Ferreira, 1970]\u00a0<\/em><\/p>\n<p>&nbsp;<\/p>\n<p><img loading=\"lazy\" decoding=\"async\" class=\"alignnone size-full wp-image-204644\" src=\"https:\/\/veritas.art\/wp-content\/uploads\/2021\/06\/2H9A5174.jpg\" alt=\"\" width=\"6720\" height=\"4480\" srcset=\"https:\/\/veritas.art\/wp-content\/uploads\/2021\/06\/2H9A5174.jpg 6720w, https:\/\/veritas.art\/wp-content\/uploads\/2021\/06\/2H9A5174-640x427.jpg 640w\" sizes=\"auto, (max-width: 6720px) 100vw, 6720px\" \/><\/p>\n","padding_top":"70","padding_bottom":"70","text_large_height":false,"small_width_layout":false,"id":""},{"acf_fc_layout":"banner","banner_title":"A VERY RARE \"OBA\" BRACELET FROM THE OWO KINGDOM, YORUBA PEOPLE, 18TH CENTURY","banner_sub_title":"Lot 619","banner_image":{"ID":204672,"id":204672,"title":"Screen Shot 2021-06-23 at 17.19.12","filename":"Screen-Shot-2021-06-23-at-17.19.12.png","filesize":3970269,"url":"https:\/\/veritas.art\/wp-content\/uploads\/2021\/06\/Screen-Shot-2021-06-23-at-17.19.12.png","link":"https:\/\/veritas.art\/en\/online-viewing-leilao-107-pt\/screen-shot-2021-06-23-at-17-19-12\/","alt":"","author":"5529","description":"","caption":"","name":"screen-shot-2021-06-23-at-17-19-12","status":"inherit","uploaded_to":204617,"date":"2021-06-23 16:19:35","modified":"2021-06-23 16:19:35","menu_order":0,"mime_type":"image\/png","type":"image","subtype":"png","icon":"https:\/\/veritas.art\/wp-includes\/images\/media\/default.png","width":2806,"height":1584,"sizes":{"thumbnail":"https:\/\/veritas.art\/wp-content\/uploads\/2021\/06\/Screen-Shot-2021-06-23-at-17.19.12-150x150.png","thumbnail-width":150,"thumbnail-height":150,"medium":"https:\/\/veritas.art\/wp-content\/uploads\/2021\/06\/Screen-Shot-2021-06-23-at-17.19.12.png","medium-width":300,"medium-height":169,"medium_large":"https:\/\/veritas.art\/wp-content\/uploads\/2021\/06\/Screen-Shot-2021-06-23-at-17.19.12.png","medium_large-width":768,"medium_large-height":434,"large":"https:\/\/veritas.art\/wp-content\/uploads\/2021\/06\/Screen-Shot-2021-06-23-at-17.19.12.png","large-width":1024,"large-height":578,"1536x1536":"https:\/\/veritas.art\/wp-content\/uploads\/2021\/06\/Screen-Shot-2021-06-23-at-17.19.12.png","1536x1536-width":1536,"1536x1536-height":867,"2048x2048":"https:\/\/veritas.art\/wp-content\/uploads\/2021\/06\/Screen-Shot-2021-06-23-at-17.19.12.png","2048x2048-width":2048,"2048x2048-height":1156,"v_medium":"https:\/\/veritas.art\/wp-content\/uploads\/2021\/06\/Screen-Shot-2021-06-23-at-17.19.12-640x361.png","v_medium-width":640,"v_medium-height":361,"gform-image-choice-sm":"https:\/\/veritas.art\/wp-content\/uploads\/2021\/06\/Screen-Shot-2021-06-23-at-17.19.12.png","gform-image-choice-sm-width":300,"gform-image-choice-sm-height":169,"gform-image-choice-md":"https:\/\/veritas.art\/wp-content\/uploads\/2021\/06\/Screen-Shot-2021-06-23-at-17.19.12.png","gform-image-choice-md-width":400,"gform-image-choice-md-height":226,"gform-image-choice-lg":"https:\/\/veritas.art\/wp-content\/uploads\/2021\/06\/Screen-Shot-2021-06-23-at-17.19.12.png","gform-image-choice-lg-width":600,"gform-image-choice-lg-height":339}},"banner_video":{"ID":204670,"id":204670,"title":"PULSEIRA_011","filename":"PULSEIRA_011.mp4","filesize":17282518,"url":"https:\/\/veritas.art\/wp-content\/uploads\/2021\/06\/PULSEIRA_011.mp4","link":"https:\/\/veritas.art\/en\/online-viewing-leilao-107-pt\/pulseira_011\/","alt":"","author":"5529","description":"","caption":"","name":"pulseira_011","status":"inherit","uploaded_to":204617,"date":"2021-06-23 16:18:48","modified":"2021-06-23 16:18:48","menu_order":0,"mime_type":"video\/mp4","type":"video","subtype":"mp4","icon":"https:\/\/veritas.art\/wp-includes\/images\/media\/video.png","width":1920,"height":1080},"banner_has_lightbox":true,"banner_video_source":"vimeo","banner_video_id":"https:\/\/vimeo.com\/566579402","banner_color_filter":""},{"acf_fc_layout":"free_content","columns_num":"2","place_vertical_line":false,"small_margin":false,"content":"<p><a href=\"https:\/\/veritas.art\/lot\/cao-de-caca-1635482935\/\"><img loading=\"lazy\" decoding=\"async\" class=\"alignnone size-full wp-image-204638\" src=\"https:\/\/veritas.art\/wp-content\/uploads\/2021\/06\/2H9A5085.jpg\" alt=\"\" width=\"6720\" height=\"4480\" srcset=\"https:\/\/veritas.art\/wp-content\/uploads\/2021\/06\/2H9A5085.jpg 6720w, https:\/\/veritas.art\/wp-content\/uploads\/2021\/06\/2H9A5085-640x427.jpg 640w\" sizes=\"auto, (max-width: 6720px) 100vw, 6720px\" \/><\/a><\/p>\n<h6 class=\"title font-bold uk-width-1-4 uk-first-column\" style=\"padding-left: 30px;\"><a href=\"https:\/\/veritas.art\/en\/lot\/a-pair-of-bottles-812001981\/\"><em>Lot 584<\/em><\/a><\/h6>\n<div class=\"uk-width-3-4\" style=\"padding-left: 30px;\">\n<h2 class=\"title name\"><a href=\"https:\/\/veritas.art\/en\/lot\/a-pair-of-bottles-812001981\/\">A pair of GUANGXU-MARKED bottles<\/a><\/h2>\n<\/div>\n","content_second_column":"<h6 class=\"title font-bold uk-width-1-4 uk-first-column\" style=\"padding-left: 30px;\"><a href=\"https:\/\/veritas.art\/en\/lot\/a-rare-agate-and-silver-coffer-1955949084\/\"><em>Lot 53<\/em><\/a><\/h6>\n<div class=\"uk-width-3-4\" style=\"padding-left: 30px;\">\n<h2 class=\"title name\"><a href=\"https:\/\/veritas.art\/en\/lot\/a-rare-agate-and-silver-coffer-1955949084\/\">A RARE AGATE AND SILVER COFFER<\/a><\/h2>\n<h2 class=\"title name\"><\/h2>\n<\/div>\n<p><img loading=\"lazy\" decoding=\"async\" class=\"alignnone size-full wp-image-204634\" src=\"https:\/\/veritas.art\/wp-content\/uploads\/2021\/06\/2H9A5221.jpg\" alt=\"\" width=\"6720\" height=\"4285\" srcset=\"https:\/\/veritas.art\/wp-content\/uploads\/2021\/06\/2H9A5221.jpg 6720w, https:\/\/veritas.art\/wp-content\/uploads\/2021\/06\/2H9A5221-640x408.jpg 640w\" sizes=\"auto, (max-width: 6720px) 100vw, 6720px\" \/><\/p>\n<div class=\"uk-width-3-4\" style=\"padding-left: 30px;\"><\/div>\n<p>&nbsp;<\/p>\n","padding_top":"70","padding_bottom":"70","text_large_height":false,"small_width_layout":false,"id":""},{"acf_fc_layout":"banner","banner_title":"A Jin\/Yuan dynasty bowl 12th\/13th century","banner_sub_title":"Lot 574","banner_image":{"ID":204636,"id":204636,"title":"2H9A5123","filename":"2H9A5123.jpg","filesize":11394191,"url":"https:\/\/veritas.art\/wp-content\/uploads\/2021\/06\/2H9A5123.jpg","link":"https:\/\/veritas.art\/en\/online-viewing-leilao-107-pt\/2h9a5123\/","alt":"","author":"44","description":"","caption":"","name":"2h9a5123","status":"inherit","uploaded_to":204617,"date":"2021-06-23 13:40:40","modified":"2021-06-23 13:40:40","menu_order":0,"mime_type":"image\/jpeg","type":"image","subtype":"jpeg","icon":"https:\/\/veritas.art\/wp-includes\/images\/media\/default.png","width":6720,"height":4480,"sizes":{"thumbnail":"https:\/\/veritas.art\/wp-content\/uploads\/2021\/06\/2H9A5123-150x150.jpg","thumbnail-width":150,"thumbnail-height":150,"medium":"https:\/\/veritas.art\/wp-content\/uploads\/2021\/06\/2H9A5123.jpg","medium-width":300,"medium-height":200,"medium_large":"https:\/\/veritas.art\/wp-content\/uploads\/2021\/06\/2H9A5123.jpg","medium_large-width":768,"medium_large-height":512,"large":"https:\/\/veritas.art\/wp-content\/uploads\/2021\/06\/2H9A5123.jpg","large-width":1024,"large-height":683,"1536x1536":"https:\/\/veritas.art\/wp-content\/uploads\/2021\/06\/2H9A5123.jpg","1536x1536-width":1536,"1536x1536-height":1024,"2048x2048":"https:\/\/veritas.art\/wp-content\/uploads\/2021\/06\/2H9A5123.jpg","2048x2048-width":2048,"2048x2048-height":1365,"v_medium":"https:\/\/veritas.art\/wp-content\/uploads\/2021\/06\/2H9A5123-640x427.jpg","v_medium-width":640,"v_medium-height":427,"gform-image-choice-sm":"https:\/\/veritas.art\/wp-content\/uploads\/2021\/06\/2H9A5123.jpg","gform-image-choice-sm-width":300,"gform-image-choice-sm-height":200,"gform-image-choice-md":"https:\/\/veritas.art\/wp-content\/uploads\/2021\/06\/2H9A5123.jpg","gform-image-choice-md-width":400,"gform-image-choice-md-height":267,"gform-image-choice-lg":"https:\/\/veritas.art\/wp-content\/uploads\/2021\/06\/2H9A5123.jpg","gform-image-choice-lg-width":600,"gform-image-choice-lg-height":400}},"banner_video":false,"banner_has_lightbox":false,"banner_video_source":"youtube","banner_video_id":"","banner_color_filter":"#000"}],"newsletter_title":"Seja o primeiro<br>a saber de todos os nossos<br>eventos e leil\u00f5es","newsletter_sub_title":"Subscreva a nossa newsletter","newsletter_success_title":"Obrigado por subscrever a nossa newsletter.","newsletter_success_sub_title":"O seu pedido de subscri\u00e7\u00e3o foi confirmado.<br>Receber\u00e1 mais informa\u00e7\u00f5es por e-mail em breve.","display_newsletter_form_general":false,"hero_image":{"ID":174543,"id":174543,"title":"joao3 co\u0301pia","filename":"joao3-co\u0301pia.jpg","filesize":16015090,"url":"https:\/\/veritas.art\/wp-content\/uploads\/2020\/04\/joao3-co\u0301pia.jpg","link":"https:\/\/veritas.art\/en\/teste-viewing-room-catarina\/joao3-copia\/","alt":"","author":"44","description":"","caption":"","name":"joao3-copia","status":"inherit","uploaded_to":174515,"date":"2020-04-28 14:20:46","modified":"2020-04-28 14:20:46","menu_order":0,"mime_type":"image\/jpeg","type":"image","subtype":"jpeg","icon":"https:\/\/veritas.art\/wp-includes\/images\/media\/default.png","width":6720,"height":4480,"sizes":{"thumbnail":"https:\/\/veritas.art\/wp-content\/uploads\/2020\/04\/joao3-co\u0301pia-150x150.jpg","thumbnail-width":150,"thumbnail-height":150,"medium":"https:\/\/veritas.art\/wp-content\/uploads\/2020\/04\/joao3-co\u0301pia.jpg","medium-width":300,"medium-height":200,"medium_large":"https:\/\/veritas.art\/wp-content\/uploads\/2020\/04\/joao3-co\u0301pia.jpg","medium_large-width":768,"medium_large-height":512,"large":"https:\/\/veritas.art\/wp-content\/uploads\/2020\/04\/joao3-co\u0301pia.jpg","large-width":1024,"large-height":683,"1536x1536":"https:\/\/veritas.art\/wp-content\/uploads\/2020\/04\/joao3-co\u0301pia.jpg","1536x1536-width":1536,"1536x1536-height":1024,"2048x2048":"https:\/\/veritas.art\/wp-content\/uploads\/2020\/04\/joao3-co\u0301pia.jpg","2048x2048-width":2048,"2048x2048-height":1365,"v_medium":"https:\/\/veritas.art\/wp-content\/uploads\/2020\/04\/joao3-co\u0301pia-640x427.jpg","v_medium-width":640,"v_medium-height":427,"gform-image-choice-sm":"https:\/\/veritas.art\/wp-content\/uploads\/2020\/04\/joao3-co\u0301pia.jpg","gform-image-choice-sm-width":300,"gform-image-choice-sm-height":200,"gform-image-choice-md":"https:\/\/veritas.art\/wp-content\/uploads\/2020\/04\/joao3-co\u0301pia.jpg","gform-image-choice-md-width":400,"gform-image-choice-md-height":267,"gform-image-choice-lg":"https:\/\/veritas.art\/wp-content\/uploads\/2020\/04\/joao3-co\u0301pia.jpg","gform-image-choice-lg-width":600,"gform-image-choice-lg-height":400}},"hero_title":"ONLINE VIEWING","hero_sub_title":"Leil\u00e3o 96 - Arte Moderna e Contempor\u00e2nea","hero_filter_color":"#000","hero_filter_opacity":"","display_hero":false},"_links":{"self":[{"href":"https:\/\/veritas.art\/en\/wp-json\/wp\/v2\/pages\/205262","targetHints":{"allow":["GET"]}}],"collection":[{"href":"https:\/\/veritas.art\/en\/wp-json\/wp\/v2\/pages"}],"about":[{"href":"https:\/\/veritas.art\/en\/wp-json\/wp\/v2\/types\/page"}],"author":[{"embeddable":true,"href":"https:\/\/veritas.art\/en\/wp-json\/wp\/v2\/users\/5529"}],"replies":[{"embeddable":true,"href":"https:\/\/veritas.art\/en\/wp-json\/wp\/v2\/comments?post=205262"}],"version-history":[{"count":11,"href":"https:\/\/veritas.art\/en\/wp-json\/wp\/v2\/pages\/205262\/revisions"}],"predecessor-version":[{"id":228407,"href":"https:\/\/veritas.art\/en\/wp-json\/wp\/v2\/pages\/205262\/revisions\/228407"}],"wp:attachment":[{"href":"https:\/\/veritas.art\/en\/wp-json\/wp\/v2\/media?parent=205262"}],"curies":[{"name":"wp","href":"https:\/\/api.w.org\/{rel}","templated":true}]}}