{"id":199498,"date":"2021-05-20T10:40:22","date_gmt":"2021-05-20T10:40:22","guid":{"rendered":"https:\/\/veritas.art\/?page_id=199498"},"modified":"2021-05-26T15:40:37","modified_gmt":"2021-05-26T15:40:37","slug":"online-viewing-auction-106","status":"publish","type":"page","link":"https:\/\/veritas.art\/en\/online-viewing-auction-106\/","title":{"rendered":"ONLINE VIEWING &#8211; AUCTION 106"},"content":{"rendered":"&nbsp;\r\n\r\n&nbsp;\r\n\r\n\u00b4\r\n\r\n&nbsp;\r\n\r\n&nbsp;\r\n\r\n&nbsp;\r\n\r\n&nbsp;\r\n\r\n&nbsp;\r\n\r\n&nbsp;\r\n\r\n&nbsp;\r\n\r\n&nbsp;","protected":false},"excerpt":{"rendered":"<p>&nbsp; &nbsp; \u00b4 &nbsp; &nbsp; &nbsp; &nbsp; &nbsp; &nbsp; &nbsp; &nbsp;<\/p>\n","protected":false},"author":5529,"featured_media":0,"parent":0,"menu_order":0,"comment_status":"closed","ping_status":"closed","template":"","meta":{"_acf_changed":false,"footnotes":""},"class_list":["post-199498","page","type-page","status-publish","hentry"],"acf":{"flexible_content":[{"acf_fc_layout":"banner","banner_title":"Online Viewing","banner_sub_title":"We invite you to browse auction 106","banner_image":{"ID":199641,"id":199641,"title":"Screen Shot 2021-05-26 at 12.48.58","filename":"Screen-Shot-2021-05-26-at-12.48.58.png","filesize":6111522,"url":"https:\/\/veritas.art\/wp-content\/uploads\/2021\/05\/Screen-Shot-2021-05-26-at-12.48.58.png","link":"https:\/\/veritas.art\/en\/online-viewing-auction-106\/screen-shot-2021-05-26-at-12-48-58\/","alt":"","author":"5529","description":"","caption":"","name":"screen-shot-2021-05-26-at-12-48-58","status":"inherit","uploaded_to":199498,"date":"2021-05-26 11:49:21","modified":"2021-05-26 11:49:21","menu_order":0,"mime_type":"image\/png","type":"image","subtype":"png","icon":"https:\/\/veritas.art\/wp-includes\/images\/media\/default.png","width":2880,"height":1602,"sizes":{"thumbnail":"https:\/\/veritas.art\/wp-content\/uploads\/2021\/05\/Screen-Shot-2021-05-26-at-12.48.58-150x150.png","thumbnail-width":150,"thumbnail-height":150,"medium":"https:\/\/veritas.art\/wp-content\/uploads\/2021\/05\/Screen-Shot-2021-05-26-at-12.48.58.png","medium-width":300,"medium-height":167,"medium_large":"https:\/\/veritas.art\/wp-content\/uploads\/2021\/05\/Screen-Shot-2021-05-26-at-12.48.58.png","medium_large-width":768,"medium_large-height":427,"large":"https:\/\/veritas.art\/wp-content\/uploads\/2021\/05\/Screen-Shot-2021-05-26-at-12.48.58.png","large-width":1024,"large-height":570,"1536x1536":"https:\/\/veritas.art\/wp-content\/uploads\/2021\/05\/Screen-Shot-2021-05-26-at-12.48.58.png","1536x1536-width":1536,"1536x1536-height":854,"2048x2048":"https:\/\/veritas.art\/wp-content\/uploads\/2021\/05\/Screen-Shot-2021-05-26-at-12.48.58.png","2048x2048-width":2048,"2048x2048-height":1139,"v_medium":"https:\/\/veritas.art\/wp-content\/uploads\/2021\/05\/Screen-Shot-2021-05-26-at-12.48.58-640x356.png","v_medium-width":640,"v_medium-height":356,"gform-image-choice-sm":"https:\/\/veritas.art\/wp-content\/uploads\/2021\/05\/Screen-Shot-2021-05-26-at-12.48.58.png","gform-image-choice-sm-width":300,"gform-image-choice-sm-height":167,"gform-image-choice-md":"https:\/\/veritas.art\/wp-content\/uploads\/2021\/05\/Screen-Shot-2021-05-26-at-12.48.58.png","gform-image-choice-md-width":400,"gform-image-choice-md-height":223,"gform-image-choice-lg":"https:\/\/veritas.art\/wp-content\/uploads\/2021\/05\/Screen-Shot-2021-05-26-at-12.48.58.png","gform-image-choice-lg-width":600,"gform-image-choice-lg-height":334}},"banner_video":{"ID":199620,"id":199620,"title":"exposicao","filename":"exposicao-1.mp4","filesize":11907554,"url":"https:\/\/veritas.art\/wp-content\/uploads\/2021\/05\/exposicao-1.mp4","link":"https:\/\/veritas.art\/en\/online-viewing-auction-106\/exposicao-2\/","alt":"","author":"5529","description":"","caption":"","name":"exposicao-2","status":"inherit","uploaded_to":199498,"date":"2021-05-26 11:29:56","modified":"2021-05-26 11:29:56","menu_order":0,"mime_type":"video\/mp4","type":"video","subtype":"mp4","icon":"https:\/\/veritas.art\/wp-includes\/images\/media\/video.png","width":1920,"height":1080},"banner_has_lightbox":true,"banner_video_source":"vimeo","banner_video_id":"https:\/\/vimeo.com\/555155218  ","banner_color_filter":"#ffffff"},{"acf_fc_layout":"free_content","columns_num":"2","place_vertical_line":false,"small_margin":false,"content":"<div class=\"uk-width-3-4\" style=\"padding-left: 20px;\">\n<h2 class=\"title name\"><\/h2>\n<\/div>\n<h6 class=\"title font-bold uk-width-1-4 uk-first-column\" style=\"padding-left: 30px;\"><a href=\"https:\/\/veritas.art\/en\/lot\/barbara-molasky-268468687\/?chosen=1\"><em>Lot 19<\/em><\/a><\/h6>\n<div class=\"uk-width-3-4\" style=\"padding-left: 30px;\">\n<h2 style=\"text-align: left;\"><a href=\"https:\/\/veritas.art\/en\/lot\/barbara-molasky-268468687\/?chosen=1\">ANDY WARHOL: &#8220;Barbara Molasky&#8221;, 1980<br \/>\n<\/a><\/h2>\n<h2><\/h2>\n<\/div>\n<p style=\"text-align: left; padding-left: 30px;\">&#8220;Unlike the portraits painted at the beginning of the 1970s, characterized by more textured pigments and painted with gestural strokes, the portrait of Barbara Molasky is a good example of his second period, in which the image is presented in high contrast against a flat background, and the most important features are emphasized: the eyes and the mouth.&#8221;<\/p>\n<p style=\"text-align: left; padding-left: 30px;\">Juan Guardiola, Curator<\/p>\n<p>&nbsp;<\/p>\n<div style=\"width: 1920px;\" class=\"wp-video\"><!--[if lt IE 9]><script>document.createElement('video');<\/script><![endif]-->\n<video class=\"wp-video-shortcode\" id=\"video-199498-1\" width=\"1920\" height=\"1080\" poster=\"https:\/\/veritas.art\/wp-content\/uploads\/2021\/05\/19-1.jpg\" preload=\"metadata\" controls=\"controls\"><source type=\"video\/mp4\" src=\"https:\/\/veritas.art\/wp-content\/uploads\/2021\/05\/Andy-1.mp4?_=1\" \/><a href=\"https:\/\/veritas.art\/wp-content\/uploads\/2021\/05\/Andy-1.mp4\">https:\/\/veritas.art\/wp-content\/uploads\/2021\/05\/Andy-1.mp4<\/a><\/video><\/div>\n<div class=\"uk-width-3-4\" style=\"padding-left: 30px;\"><\/div>\n<div><\/div>\n<div><\/div>\n<div><\/div>\n","content_second_column":"<div class=\"uk-width-3-4\" style=\"padding-left: 20px;\">\n<h2 class=\"title name\"><\/h2>\n<\/div>\n<div style=\"width: 1920px;\" class=\"wp-video\"><video class=\"wp-video-shortcode\" id=\"video-199498-2\" width=\"1920\" height=\"1080\" poster=\"https:\/\/veritas.art\/wp-content\/uploads\/2021\/05\/25a-1.jpg\" preload=\"metadata\" controls=\"controls\"><source type=\"video\/mp4\" src=\"https:\/\/veritas.art\/wp-content\/uploads\/2021\/05\/tapies.mp4?_=2\" \/><a href=\"https:\/\/veritas.art\/wp-content\/uploads\/2021\/05\/tapies.mp4\">https:\/\/veritas.art\/wp-content\/uploads\/2021\/05\/tapies.mp4<\/a><\/video><\/div>\n<h6><\/h6>\n<p>&nbsp;<\/p>\n<h6 class=\"title font-bold uk-width-1-4 uk-first-column\" style=\"padding-left: 30px;\"><a href=\"https:\/\/veritas.art\/en\/lot\/composicion-con-ropa-y-cuerda-606808862\/\"><em>Lot 25<\/em><\/a><\/h6>\n<div class=\"uk-width-3-4\" style=\"padding-left: 30px;\">\n<h2><a href=\"https:\/\/veritas.art\/en\/lot\/composicion-con-ropa-y-cuerda-606808862\/\">ANTONI T\u00c0PIES: &#8220;Composici\u00f3n con Ropa y Cuerda&#8221;, 1975<\/a><\/h2>\n<\/div>\n<p style=\"text-align: left; padding-left: 30px;\">\u201cThe atmosphere of the work is, on the other hand, similar to that of a work in construction, as if implying that the viewer must construct or reconstruct its meaning. &#8220;<\/p>\n<p style=\"text-align: left; padding-left: 30px;\">Enrique Juncosa, Curator<\/p>\n<h2><\/h2>\n<p>&nbsp;<\/p>\n","padding_top":"80","padding_bottom":"30","text_large_height":true,"small_width_layout":false,"id":""},{"acf_fc_layout":"banner","banner_title":"Miquel Barcel\u00f3 ","banner_sub_title":"\"El Pintor Dentro Del Cuadro\"","banner_image":{"ID":199522,"id":199522,"title":"32","filename":"32-1.jpg","filesize":12318147,"url":"https:\/\/veritas.art\/wp-content\/uploads\/2021\/05\/32-1.jpg","link":"https:\/\/veritas.art\/en\/online-viewing-auction-106\/attachment\/32\/","alt":"","author":"5529","description":"","caption":"","name":"32","status":"inherit","uploaded_to":199498,"date":"2021-05-20 11:54:49","modified":"2021-05-20 11:54:49","menu_order":0,"mime_type":"image\/jpeg","type":"image","subtype":"jpeg","icon":"https:\/\/veritas.art\/wp-includes\/images\/media\/default.png","width":3302,"height":3730,"sizes":{"thumbnail":"https:\/\/veritas.art\/wp-content\/uploads\/2021\/05\/32-1-150x150.jpg","thumbnail-width":150,"thumbnail-height":150,"medium":"https:\/\/veritas.art\/wp-content\/uploads\/2021\/05\/32-1.jpg","medium-width":266,"medium-height":300,"medium_large":"https:\/\/veritas.art\/wp-content\/uploads\/2021\/05\/32-1.jpg","medium_large-width":768,"medium_large-height":868,"large":"https:\/\/veritas.art\/wp-content\/uploads\/2021\/05\/32-1.jpg","large-width":907,"large-height":1024,"1536x1536":"https:\/\/veritas.art\/wp-content\/uploads\/2021\/05\/32-1.jpg","1536x1536-width":1360,"1536x1536-height":1536,"2048x2048":"https:\/\/veritas.art\/wp-content\/uploads\/2021\/05\/32-1.jpg","2048x2048-width":1813,"2048x2048-height":2048,"v_medium":"https:\/\/veritas.art\/wp-content\/uploads\/2021\/05\/32-1-640x723.jpg","v_medium-width":640,"v_medium-height":723,"gform-image-choice-sm":"https:\/\/veritas.art\/wp-content\/uploads\/2021\/05\/32-1.jpg","gform-image-choice-sm-width":266,"gform-image-choice-sm-height":300,"gform-image-choice-md":"https:\/\/veritas.art\/wp-content\/uploads\/2021\/05\/32-1.jpg","gform-image-choice-md-width":354,"gform-image-choice-md-height":400,"gform-image-choice-lg":"https:\/\/veritas.art\/wp-content\/uploads\/2021\/05\/32-1.jpg","gform-image-choice-lg-width":531,"gform-image-choice-lg-height":600}},"banner_video":{"ID":199632,"id":199632,"title":"Comp 1_1","filename":"Comp-1_1.mp4","filesize":11221960,"url":"https:\/\/veritas.art\/wp-content\/uploads\/2021\/05\/Comp-1_1.mp4","link":"https:\/\/veritas.art\/en\/online-viewing-auction-106\/comp-1_1\/","alt":"","author":"5529","description":"","caption":"","name":"comp-1_1","status":"inherit","uploaded_to":199498,"date":"2021-05-26 11:41:11","modified":"2021-05-26 11:41:11","menu_order":0,"mime_type":"video\/mp4","type":"video","subtype":"mp4","icon":"https:\/\/veritas.art\/wp-includes\/images\/media\/video.png","width":1280,"height":720},"banner_has_lightbox":true,"banner_video_source":"vimeo","banner_video_id":"https:\/\/vimeo.com\/555151952","banner_color_filter":""},{"acf_fc_layout":"free_content","columns_num":"2","place_vertical_line":false,"small_margin":false,"content":"<div class=\"uk-width-3-4\" style=\"padding-left: 20px;\"><\/div>\n<h6 class=\"title font-bold uk-width-1-4 uk-first-column\" style=\"padding-left: 30px;\"><a href=\"https:\/\/veritas.art\/en\/lot\/untitled-1436843346\/\"><em>Lot 39<\/em><\/a><\/h6>\n<div class=\"uk-width-3-4\" style=\"padding-left: 30px;\">\n<h2 class=\"title name\"><a href=\"https:\/\/veritas.art\/en\/lot\/untitled-1436843346\/\"><span lang=\"PT\">juan usl\u00e9: untitled (&#8220;camino del llamo&#8221; series&#8221;)<\/span><\/a><\/h2>\n<\/div>\n<p><img loading=\"lazy\" decoding=\"async\" class=\"alignnone wp-image-199604 size-full\" src=\"https:\/\/veritas.art\/wp-content\/uploads\/2021\/05\/41a.bjpg_.jpg\" alt=\"\" width=\"3652\" height=\"4945\" srcset=\"https:\/\/veritas.art\/wp-content\/uploads\/2021\/05\/41a.bjpg_.jpg 3652w, https:\/\/veritas.art\/wp-content\/uploads\/2021\/05\/41a.bjpg_-640x867.jpg 640w\" sizes=\"auto, (max-width: 3652px) 100vw, 3652px\" \/><\/p>\n","content_second_column":"<div class=\"uk-width-3-4\" style=\"padding-left: 20px;\"><\/div>\n<h6 class=\"title font-bold uk-width-1-4 uk-first-column\" style=\"padding-left: 30px;\"><a href=\"https:\/\/veritas.art\/en\/lot\/ovale-qualle-b178-133397046\/?chosen=1\"><em>Lot 41<\/em><\/a><\/h6>\n<div class=\"uk-width-3-4\" style=\"padding-left: 30px;\">\n<h2 class=\"title name\"><a href=\"https:\/\/veritas.art\/en\/lot\/ovale-qualle-b178-133397046\/?chosen=1\">Rainer Fetting:<br \/>\n&#8220;ovale qualle&#8221;\u00a0<\/a><\/h2>\n<\/div>\n<p><img loading=\"lazy\" decoding=\"async\" class=\"alignnone wp-image-199606 size-full\" src=\"https:\/\/veritas.art\/wp-content\/uploads\/2021\/05\/41a-2.jpg\" alt=\"\" width=\"3652\" height=\"4945\" srcset=\"https:\/\/veritas.art\/wp-content\/uploads\/2021\/05\/41a-2.jpg 3652w, https:\/\/veritas.art\/wp-content\/uploads\/2021\/05\/41a-2-640x867.jpg 640w\" sizes=\"auto, (max-width: 3652px) 100vw, 3652px\" \/><\/p>\n","padding_top":"70","padding_bottom":"70","text_large_height":false,"small_width_layout":false,"id":""},{"acf_fc_layout":"free_content","columns_num":"2","place_vertical_line":false,"small_margin":false,"content":"<h6 class=\"title font-bold uk-width-1-4 uk-first-column\" style=\"padding-left: 30px;\"><a href=\"https:\/\/veritas.art\/en\/lot\/samo-the-initiated-106404878\/?chosen=1\"><em>Lot 37<\/em><\/a><\/h6>\n<div class=\"uk-width-3-4\" style=\"padding-left: 30px;\">\n<h2 class=\"title name\"><a href=\"https:\/\/veritas.art\/en\/lot\/samo-the-initiated-106404878\/?chosen=1\"><span lang=\"PT\">Ouattara Watts: &#8220;samo the initiated&#8221;<\/span><\/a><\/h2>\n<\/div>\n<p>&nbsp;<\/p>\n<div style=\"width: 1920px;\" class=\"wp-video\"><video class=\"wp-video-shortcode\" id=\"video-199498-3\" width=\"1920\" height=\"1080\" poster=\"https:\/\/veritas.art\/wp-content\/uploads\/2021\/05\/Screen-Shot-2021-05-26-at-12.36.49.png\" preload=\"metadata\" controls=\"controls\"><source type=\"video\/mp4\" src=\"https:\/\/veritas.art\/wp-content\/uploads\/2021\/05\/watts-1.mp4?_=3\" \/><a href=\"https:\/\/veritas.art\/wp-content\/uploads\/2021\/05\/watts-1.mp4\">https:\/\/veritas.art\/wp-content\/uploads\/2021\/05\/watts-1.mp4<\/a><\/video><\/div>\n","content_second_column":"<div class=\"uk-width-3-4\" style=\"padding-left: 20px;\">\n<div class=\"uk-width-3-4\" style=\"padding-left: 30px;\">\n<div class=\"uk-width-3-4\" style=\"padding-left: 30px;\">\n<p>&nbsp;<\/p>\n<\/div>\n<\/div>\n<\/div>\n<p><img loading=\"lazy\" decoding=\"async\" class=\"alignnone size-full wp-image-199592\" src=\"https:\/\/veritas.art\/wp-content\/uploads\/2021\/05\/2H9A4894.jpg\" alt=\"\" width=\"6363\" height=\"4406\" srcset=\"https:\/\/veritas.art\/wp-content\/uploads\/2021\/05\/2H9A4894.jpg 6363w, https:\/\/veritas.art\/wp-content\/uploads\/2021\/05\/2H9A4894-640x443.jpg 640w\" sizes=\"auto, (max-width: 6363px) 100vw, 6363px\" \/><\/p>\n<h6 class=\"title font-bold uk-width-1-4 uk-first-column\" style=\"padding-left: 30px;\"><a href=\"https:\/\/veritas.art\/en\/lot\/figura-caida-c-1965-125603401\/\"><em>Lot 21<\/em><\/a><\/h6>\n<div class=\"uk-width-3-4\" style=\"padding-left: 30px;\">\n<h2 class=\"title name\"><a href=\"https:\/\/veritas.art\/en\/lot\/figura-caida-c-1965-125603401\/\">MANOLO MILLARES:<br \/>\n&#8220;FIGURA CA\u00cdDA&#8221;<\/a><\/h2>\n<\/div>\n","padding_top":"70","padding_bottom":"70","text_large_height":true,"small_width_layout":false,"id":""},{"acf_fc_layout":"free_content","columns_num":"2","place_vertical_line":false,"small_margin":false,"content":"<h6 class=\"title font-bold uk-width-1-4 uk-first-column\" style=\"padding-left: 30px;\"><a href=\"https:\/\/veritas.art\/en\/lot\/febre-5-1089-658170531\/\"><em>Lot 5<\/em><\/a><\/h6>\n<div class=\"uk-width-3-4\" style=\"padding-left: 30px;\">\n<h2 class=\"title name\"><a href=\"https:\/\/veritas.art\/en\/lot\/febre-5-1089-658170531\/\">JULI\u00c3O SARMENTO: &#8220;FEBRE (5)&#8221;<\/a><\/h2>\n<\/div>\n<p><img loading=\"lazy\" decoding=\"async\" class=\"alignnone size-full wp-image-199596\" src=\"https:\/\/veritas.art\/wp-content\/uploads\/2021\/05\/2H9A4749.jpg\" alt=\"\" width=\"6356\" height=\"4250\" srcset=\"https:\/\/veritas.art\/wp-content\/uploads\/2021\/05\/2H9A4749.jpg 6356w, https:\/\/veritas.art\/wp-content\/uploads\/2021\/05\/2H9A4749-640x428.jpg 640w\" sizes=\"auto, (max-width: 6356px) 100vw, 6356px\" \/><\/p>\n","content_second_column":"<div class=\"uk-width-3-4\" style=\"padding-left: 20px;\">\n<div class=\"uk-width-3-4\" style=\"padding-left: 30px;\">\n<div class=\"uk-width-3-4\" style=\"padding-left: 30px;\"><\/div>\n<\/div>\n<\/div>\n<div style=\"width: 1280px;\" class=\"wp-video\"><video class=\"wp-video-shortcode\" id=\"video-199498-4\" width=\"1280\" height=\"720\" poster=\"https:\/\/veritas.art\/wp-content\/uploads\/2021\/05\/capa_maria1.jpeg\" preload=\"metadata\" controls=\"controls\"><source type=\"video\/mp4\" src=\"https:\/\/veritas.art\/wp-content\/uploads\/2021\/05\/joana_vasconcelos_spin.mp4?_=4\" \/><a href=\"https:\/\/veritas.art\/wp-content\/uploads\/2021\/05\/joana_vasconcelos_spin.mp4\">https:\/\/veritas.art\/wp-content\/uploads\/2021\/05\/joana_vasconcelos_spin.mp4<\/a><\/video><\/div>\n<h6><\/h6>\n<p>&nbsp;<\/p>\n<h6 class=\"title font-bold uk-width-1-4 uk-first-column\" style=\"padding-left: 30px;\"><a href=\"https:\/\/veritas.art\/en\/lot\/spin-2001-73901369\/\"><em>Lot 7<\/em><\/a><\/h6>\n<div class=\"uk-width-3-4\" style=\"padding-left: 30px;\">\n<h2 class=\"title name\"><a href=\"https:\/\/veritas.art\/en\/lot\/spin-2001-73901369\/\">joana vasconcelos: &#8220;spin&#8221;<\/a><\/h2>\n<\/div>\n<div class=\"uk-width-3-4\" style=\"padding-left: 30px;\">\n<div class=\"uk-width-3-4\" style=\"padding-left: 30px;\">\n<h2><\/h2>\n<\/div>\n<\/div>\n","padding_top":"70","padding_bottom":"70","text_large_height":false,"small_width_layout":false,"id":""},{"acf_fc_layout":"banner","banner_title":"ANDREAS GURSKY: \"D\u00dcSSELDORF FLUGHAFEN II\"","banner_sub_title":"\"The camera's enormous distance from these figures means that they become de-individualized. So I am never interested in the individual, but in the human species and its environment.\"","banner_image":{"ID":199579,"id":199579,"title":"2H9A4691","filename":"2H9A4691-e1622024508349.jpeg","filesize":542221,"url":"https:\/\/veritas.art\/wp-content\/uploads\/2021\/05\/2H9A4691-e1622024508349.jpeg","link":"https:\/\/veritas.art\/en\/online-viewing-auction-106\/2h9a4691-2\/","alt":"","author":"44","description":"","caption":"","name":"2h9a4691-2","status":"inherit","uploaded_to":199498,"date":"2021-05-26 10:21:29","modified":"2021-05-26 10:21:29","menu_order":0,"mime_type":"image\/jpeg","type":"image","subtype":"jpeg","icon":"https:\/\/veritas.art\/wp-includes\/images\/media\/default.png","width":2893,"height":2093,"sizes":{"thumbnail":"https:\/\/veritas.art\/wp-content\/uploads\/2021\/05\/2H9A4691-e1622024508349-150x150.jpeg","thumbnail-width":150,"thumbnail-height":150,"medium":"https:\/\/veritas.art\/wp-content\/uploads\/2021\/05\/2H9A4691-e1622024508349-300x217.jpeg","medium-width":300,"medium-height":217,"medium_large":"https:\/\/veritas.art\/wp-content\/uploads\/2021\/05\/2H9A4691-e1622024508349-768x556.jpeg","medium_large-width":768,"medium_large-height":556,"large":"https:\/\/veritas.art\/wp-content\/uploads\/2021\/05\/2H9A4691-e1622024508349-1024x741.jpeg","large-width":1024,"large-height":741,"1536x1536":"https:\/\/veritas.art\/wp-content\/uploads\/2021\/05\/2H9A4691-e1622024508349.jpeg","1536x1536-width":1536,"1536x1536-height":1111,"2048x2048":"https:\/\/veritas.art\/wp-content\/uploads\/2021\/05\/2H9A4691-e1622024508349.jpeg","2048x2048-width":2048,"2048x2048-height":1482,"v_medium":"https:\/\/veritas.art\/wp-content\/uploads\/2021\/05\/2H9A4691-e1622024508349-640x463.jpeg","v_medium-width":640,"v_medium-height":463,"gform-image-choice-sm":"https:\/\/veritas.art\/wp-content\/uploads\/2021\/05\/2H9A4691-e1622024508349.jpeg","gform-image-choice-sm-width":300,"gform-image-choice-sm-height":217,"gform-image-choice-md":"https:\/\/veritas.art\/wp-content\/uploads\/2021\/05\/2H9A4691-e1622024508349.jpeg","gform-image-choice-md-width":400,"gform-image-choice-md-height":289,"gform-image-choice-lg":"https:\/\/veritas.art\/wp-content\/uploads\/2021\/05\/2H9A4691-e1622024508349.jpeg","gform-image-choice-lg-width":600,"gform-image-choice-lg-height":434}},"banner_video":false,"banner_has_lightbox":false,"banner_video_source":"youtube","banner_video_id":"","banner_color_filter":""}],"newsletter_title":"Seja o primeiro<br>a saber de todos os nossos<br>eventos e leil\u00f5es","newsletter_sub_title":"Subscreva a nossa newsletter","newsletter_success_title":"Obrigado por subscrever a nossa newsletter.","newsletter_success_sub_title":"O seu pedido de subscri\u00e7\u00e3o foi confirmado.<br>Receber\u00e1 mais informa\u00e7\u00f5es por e-mail em breve.","display_newsletter_form_general":false,"hero_image":{"ID":174543,"id":174543,"title":"joao3 co\u0301pia","filename":"joao3-co\u0301pia.jpg","filesize":16015090,"url":"https:\/\/veritas.art\/wp-content\/uploads\/2020\/04\/joao3-co\u0301pia.jpg","link":"https:\/\/veritas.art\/en\/teste-viewing-room-catarina\/joao3-copia\/","alt":"","author":"44","description":"","caption":"","name":"joao3-copia","status":"inherit","uploaded_to":174515,"date":"2020-04-28 14:20:46","modified":"2020-04-28 14:20:46","menu_order":0,"mime_type":"image\/jpeg","type":"image","subtype":"jpeg","icon":"https:\/\/veritas.art\/wp-includes\/images\/media\/default.png","width":6720,"height":4480,"sizes":{"thumbnail":"https:\/\/veritas.art\/wp-content\/uploads\/2020\/04\/joao3-co\u0301pia-150x150.jpg","thumbnail-width":150,"thumbnail-height":150,"medium":"https:\/\/veritas.art\/wp-content\/uploads\/2020\/04\/joao3-co\u0301pia.jpg","medium-width":300,"medium-height":200,"medium_large":"https:\/\/veritas.art\/wp-content\/uploads\/2020\/04\/joao3-co\u0301pia.jpg","medium_large-width":768,"medium_large-height":512,"large":"https:\/\/veritas.art\/wp-content\/uploads\/2020\/04\/joao3-co\u0301pia.jpg","large-width":1024,"large-height":683,"1536x1536":"https:\/\/veritas.art\/wp-content\/uploads\/2020\/04\/joao3-co\u0301pia.jpg","1536x1536-width":1536,"1536x1536-height":1024,"2048x2048":"https:\/\/veritas.art\/wp-content\/uploads\/2020\/04\/joao3-co\u0301pia.jpg","2048x2048-width":2048,"2048x2048-height":1365,"v_medium":"https:\/\/veritas.art\/wp-content\/uploads\/2020\/04\/joao3-co\u0301pia-640x427.jpg","v_medium-width":640,"v_medium-height":427,"gform-image-choice-sm":"https:\/\/veritas.art\/wp-content\/uploads\/2020\/04\/joao3-co\u0301pia.jpg","gform-image-choice-sm-width":300,"gform-image-choice-sm-height":200,"gform-image-choice-md":"https:\/\/veritas.art\/wp-content\/uploads\/2020\/04\/joao3-co\u0301pia.jpg","gform-image-choice-md-width":400,"gform-image-choice-md-height":267,"gform-image-choice-lg":"https:\/\/veritas.art\/wp-content\/uploads\/2020\/04\/joao3-co\u0301pia.jpg","gform-image-choice-lg-width":600,"gform-image-choice-lg-height":400}},"hero_title":"ONLINE VIEWING","hero_sub_title":"Leil\u00e3o 96 - Arte Moderna e Contempor\u00e2nea","hero_filter_color":"#000","hero_filter_opacity":"","display_hero":false},"_links":{"self":[{"href":"https:\/\/veritas.art\/en\/wp-json\/wp\/v2\/pages\/199498","targetHints":{"allow":["GET"]}}],"collection":[{"href":"https:\/\/veritas.art\/en\/wp-json\/wp\/v2\/pages"}],"about":[{"href":"https:\/\/veritas.art\/en\/wp-json\/wp\/v2\/types\/page"}],"author":[{"embeddable":true,"href":"https:\/\/veritas.art\/en\/wp-json\/wp\/v2\/users\/5529"}],"replies":[{"embeddable":true,"href":"https:\/\/veritas.art\/en\/wp-json\/wp\/v2\/comments?post=199498"}],"version-history":[{"count":74,"href":"https:\/\/veritas.art\/en\/wp-json\/wp\/v2\/pages\/199498\/revisions"}],"predecessor-version":[{"id":199665,"href":"https:\/\/veritas.art\/en\/wp-json\/wp\/v2\/pages\/199498\/revisions\/199665"}],"wp:attachment":[{"href":"https:\/\/veritas.art\/en\/wp-json\/wp\/v2\/media?parent=199498"}],"curies":[{"name":"wp","href":"https:\/\/api.w.org\/{rel}","templated":true}]}}