{"id":199122,"date":"2021-04-29T11:55:03","date_gmt":"2021-04-29T11:55:03","guid":{"rendered":"https:\/\/veritas.art\/?page_id=199122"},"modified":"2021-04-29T14:33:30","modified_gmt":"2021-04-29T14:33:30","slug":"online-viewing-auction-105-2","status":"publish","type":"page","link":"https:\/\/veritas.art\/en\/online-viewing-auction-105-2\/","title":{"rendered":"ONLINE VIEWING &#8211; AUCTION 105"},"content":{"rendered":"&nbsp;\r\n\r\n&nbsp;\r\n\r\n\u00b4\r\n\r\n&nbsp;\r\n\r\n&nbsp;\r\n\r\n&nbsp;\r\n\r\n&nbsp;\r\n\r\n&nbsp;\r\n\r\n&nbsp;\r\n\r\n&nbsp;\r\n\r\n&nbsp;","protected":false},"excerpt":{"rendered":"<p>&nbsp; &nbsp; \u00b4 &nbsp; &nbsp; &nbsp; &nbsp; &nbsp; &nbsp; &nbsp; &nbsp;<\/p>\n","protected":false},"author":5529,"featured_media":0,"parent":0,"menu_order":0,"comment_status":"closed","ping_status":"closed","template":"","meta":{"_acf_changed":false,"footnotes":""},"class_list":["post-199122","page","type-page","status-publish","hentry"],"acf":{"flexible_content":[{"acf_fc_layout":"banner","banner_title":"Online Viewing","banner_sub_title":"We invite you to browse auction 105","banner_image":{"ID":199107,"id":199107,"title":"2H9A4256","filename":"2H9A4256.jpg","filesize":18034654,"url":"https:\/\/veritas.art\/wp-content\/uploads\/2021\/04\/2H9A4256.jpg","link":"https:\/\/veritas.art\/en\/online-viewing-leilao-105\/2h9a4256\/","alt":"","author":"5529","description":"","caption":"","name":"2h9a4256","status":"inherit","uploaded_to":198961,"date":"2021-04-29 11:20:47","modified":"2021-04-29 11:20:47","menu_order":0,"mime_type":"image\/jpeg","type":"image","subtype":"jpeg","icon":"https:\/\/veritas.art\/wp-includes\/images\/media\/default.png","width":6720,"height":4480,"sizes":{"thumbnail":"https:\/\/veritas.art\/wp-content\/uploads\/2021\/04\/2H9A4256-150x150.jpg","thumbnail-width":150,"thumbnail-height":150,"medium":"https:\/\/veritas.art\/wp-content\/uploads\/2021\/04\/2H9A4256.jpg","medium-width":300,"medium-height":200,"medium_large":"https:\/\/veritas.art\/wp-content\/uploads\/2021\/04\/2H9A4256.jpg","medium_large-width":768,"medium_large-height":512,"large":"https:\/\/veritas.art\/wp-content\/uploads\/2021\/04\/2H9A4256.jpg","large-width":1024,"large-height":683,"1536x1536":"https:\/\/veritas.art\/wp-content\/uploads\/2021\/04\/2H9A4256.jpg","1536x1536-width":1536,"1536x1536-height":1024,"2048x2048":"https:\/\/veritas.art\/wp-content\/uploads\/2021\/04\/2H9A4256.jpg","2048x2048-width":2048,"2048x2048-height":1365,"v_medium":"https:\/\/veritas.art\/wp-content\/uploads\/2021\/04\/2H9A4256-640x427.jpg","v_medium-width":640,"v_medium-height":427,"gform-image-choice-sm":"https:\/\/veritas.art\/wp-content\/uploads\/2021\/04\/2H9A4256.jpg","gform-image-choice-sm-width":300,"gform-image-choice-sm-height":200,"gform-image-choice-md":"https:\/\/veritas.art\/wp-content\/uploads\/2021\/04\/2H9A4256.jpg","gform-image-choice-md-width":400,"gform-image-choice-md-height":267,"gform-image-choice-lg":"https:\/\/veritas.art\/wp-content\/uploads\/2021\/04\/2H9A4256.jpg","gform-image-choice-lg-width":600,"gform-image-choice-lg-height":400}},"banner_video":{"ID":199128,"id":199128,"title":"VERITAS_105_EXPOSICAO_viewing2","filename":"VERITAS_105_EXPOSICAO_viewing2.mp4","filesize":25986831,"url":"https:\/\/veritas.art\/wp-content\/uploads\/2021\/04\/VERITAS_105_EXPOSICAO_viewing2.mp4","link":"https:\/\/veritas.art\/en\/online-viewing-auction-105-2\/veritas_105_exposicao_viewing2-2\/","alt":"","author":"5529","description":"","caption":"","name":"veritas_105_exposicao_viewing2-2","status":"inherit","uploaded_to":199122,"date":"2021-04-29 12:17:27","modified":"2021-04-29 13:34:56","menu_order":0,"mime_type":"video\/mp4","type":"video","subtype":"mp4","icon":"https:\/\/veritas.art\/wp-includes\/images\/media\/video.png","width":1920,"height":1080},"banner_has_lightbox":true,"banner_video_source":"vimeo","banner_video_id":"https:\/\/vimeo.com\/543086923","banner_color_filter":"#ffffff"},{"acf_fc_layout":"free_content","columns_num":"2","place_vertical_line":false,"small_margin":false,"content":"<div class=\"uk-width-3-4\" style=\"padding-left: 20px;\">\n<h2 class=\"title name\"><\/h2>\n<\/div>\n<h6 class=\"title font-bold uk-width-1-4 uk-first-column\" style=\"padding-left: 30px;\"><a href=\"https:\/\/veritas.art\/lot\/sem-titulo-1986-407950995\/\"><em>Lot 78<\/em><\/a><\/h6>\n<div class=\"uk-width-3-4\" style=\"padding-left: 30px;\">\n<h2 style=\"text-align: left;\"><a href=\"https:\/\/veritas.art\/auction\/105\/78\/\">VIEIRA DA SILVA:<br \/>\n<\/a><a href=\"https:\/\/veritas.art\/auction\/105\/78\/\">&#8220;L &#8216;Inondation&#8221;, 1954<\/a><\/h2>\n<h2><\/h2>\n<\/div>\n<p style=\"text-align: left; padding-left: 30px;\">This important work from the decade in which Vieira da Silva becomes internationally renowned is reproduced in the Catalogue Raisonn\u00e9 and was shown in exhibitions such as Vieira da Silva&#8217;s first retrospective at Kestner-Gesellschaft et Geutschland (Hannover, 1958), \u201cVieira da Silva &#8211; Arpad Szenes in the Portuguese Collections\u201d at Casa de Serralves (Porto, 1989) and Europ\u00e1lia 91, at Mus\u00e9e Royaux des Beaux-Arts (Brussels, 1991).<\/p>\n<p>&nbsp;<\/p>\n<div style=\"width: 1920px;\" class=\"wp-video\"><!--[if lt IE 9]><script>document.createElement('video');<\/script><![endif]-->\n<video class=\"wp-video-shortcode\" id=\"video-199122-1\" width=\"1920\" height=\"1080\" poster=\"https:\/\/veritas.art\/wp-content\/uploads\/2021\/04\/Screen-Shot-2021-04-29-at-12.09.33.png\" preload=\"metadata\" controls=\"controls\"><source type=\"video\/mp4\" src=\"https:\/\/veritas.art\/wp-content\/uploads\/2021\/04\/VERITAS_105_VIEIRADASILVA_site.mp4?_=1\" \/><a href=\"https:\/\/veritas.art\/wp-content\/uploads\/2021\/04\/VERITAS_105_VIEIRADASILVA_site.mp4\">https:\/\/veritas.art\/wp-content\/uploads\/2021\/04\/VERITAS_105_VIEIRADASILVA_site.mp4<\/a><\/video><\/div>\n<div class=\"uk-width-3-4\" style=\"padding-left: 30px;\">\n<div class=\"uk-width-3-4\" style=\"padding-left: 30px;\">\n<h2><\/h2>\n<\/div>\n<\/div>\n","content_second_column":"<div class=\"uk-width-3-4\" style=\"padding-left: 20px;\">\n<h2 class=\"title name\"><\/h2>\n<\/div>\n<div style=\"width: 1920px;\" class=\"wp-video\"><video class=\"wp-video-shortcode\" id=\"video-199122-2\" width=\"1920\" height=\"1080\" poster=\"https:\/\/veritas.art\/wp-content\/uploads\/2021\/04\/Screen-Shot-2021-04-28-at-16.53.35.png\" preload=\"metadata\" controls=\"controls\"><source type=\"video\/mp4\" src=\"https:\/\/veritas.art\/wp-content\/uploads\/2021\/04\/VERITAS_105_JOELFISHER.mp4?_=2\" \/><a href=\"https:\/\/veritas.art\/wp-content\/uploads\/2021\/04\/VERITAS_105_JOELFISHER.mp4\">https:\/\/veritas.art\/wp-content\/uploads\/2021\/04\/VERITAS_105_JOELFISHER.mp4<\/a><\/video><\/div>\n<h6><\/h6>\n<p>&nbsp;<\/p>\n<h6 class=\"title font-bold uk-width-1-4 uk-first-column\" style=\"padding-left: 30px;\"><a href=\"https:\/\/veritas.art\/lot\/sem-titulo-1986-407950995\/\"><em>Lot 4<\/em><\/a><\/h6>\n<div class=\"uk-width-3-4\" style=\"padding-left: 30px;\">\n<h2><a href=\"https:\/\/veritas.art\/lot\/sem-titulo-1986-407950995\/\">JOEL FISHER<\/a><\/h2>\n<\/div>\n<p style=\"text-align: left; padding-left: 30px;\">\u201cThe depiction of an unknown object from a specific angle means that the subject always has a hidden side. Until quite recently there was no one on earth who had seen the other side of the moon. That fact itself was a great wonder to me as a child; for all we knew anything might have been there. This was an invisible hemisphere which could accept all my fanciful projections. It was such\u00a0a \u00a0 powerful focus that my concept of imagination still has links with the \u201cdark\u201d side of the moon. In a way it is unfortunate that we ever had the possibility to make a flat picture of the moon. How would we have represented it if we never had use of the two dimensional?\u201d<\/p>\n<p style=\"text-align: left; padding-left: 30px;\">Joel Fisher, in Bomb Magazine #6, 1983<\/p>\n<div class=\"uk-width-3-4\" style=\"padding-left: 30px;\">\n<div class=\"uk-width-3-4\" style=\"padding-left: 30px;\">\n<h2><\/h2>\n<\/div>\n<\/div>\n","padding_top":"80","padding_bottom":"30","text_large_height":true,"small_width_layout":false,"id":""},{"acf_fc_layout":"banner","banner_title":"Steve Currie ","banner_sub_title":"Sem T\u00edtulo, 1987","banner_image":{"ID":199095,"id":199095,"title":"Steve","filename":"Screen-Shot-2021-04-29-at-12.12.31.jpg","filesize":581449,"url":"https:\/\/veritas.art\/wp-content\/uploads\/2021\/04\/Screen-Shot-2021-04-29-at-12.12.31.jpg","link":"https:\/\/veritas.art\/en\/online-viewing-leilao-105\/screen-shot-2021-04-29-at-12-12-31\/","alt":"","author":"5529","description":"","caption":"","name":"screen-shot-2021-04-29-at-12-12-31","status":"inherit","uploaded_to":198961,"date":"2021-04-29 11:13:41","modified":"2021-04-29 11:13:49","menu_order":0,"mime_type":"image\/jpeg","type":"image","subtype":"jpeg","icon":"https:\/\/veritas.art\/wp-includes\/images\/media\/default.png","width":2880,"height":1634,"sizes":{"thumbnail":"https:\/\/veritas.art\/wp-content\/uploads\/2021\/04\/Screen-Shot-2021-04-29-at-12.12.31-150x150.jpg","thumbnail-width":150,"thumbnail-height":150,"medium":"https:\/\/veritas.art\/wp-content\/uploads\/2021\/04\/Screen-Shot-2021-04-29-at-12.12.31.jpg","medium-width":300,"medium-height":170,"medium_large":"https:\/\/veritas.art\/wp-content\/uploads\/2021\/04\/Screen-Shot-2021-04-29-at-12.12.31.jpg","medium_large-width":768,"medium_large-height":436,"large":"https:\/\/veritas.art\/wp-content\/uploads\/2021\/04\/Screen-Shot-2021-04-29-at-12.12.31.jpg","large-width":1024,"large-height":581,"1536x1536":"https:\/\/veritas.art\/wp-content\/uploads\/2021\/04\/Screen-Shot-2021-04-29-at-12.12.31.jpg","1536x1536-width":1536,"1536x1536-height":871,"2048x2048":"https:\/\/veritas.art\/wp-content\/uploads\/2021\/04\/Screen-Shot-2021-04-29-at-12.12.31.jpg","2048x2048-width":2048,"2048x2048-height":1162,"v_medium":"https:\/\/veritas.art\/wp-content\/uploads\/2021\/04\/Screen-Shot-2021-04-29-at-12.12.31-640x363.jpg","v_medium-width":640,"v_medium-height":363,"gform-image-choice-sm":"https:\/\/veritas.art\/wp-content\/uploads\/2021\/04\/Screen-Shot-2021-04-29-at-12.12.31.jpg","gform-image-choice-sm-width":300,"gform-image-choice-sm-height":170,"gform-image-choice-md":"https:\/\/veritas.art\/wp-content\/uploads\/2021\/04\/Screen-Shot-2021-04-29-at-12.12.31.jpg","gform-image-choice-md-width":400,"gform-image-choice-md-height":227,"gform-image-choice-lg":"https:\/\/veritas.art\/wp-content\/uploads\/2021\/04\/Screen-Shot-2021-04-29-at-12.12.31.jpg","gform-image-choice-lg-width":600,"gform-image-choice-lg-height":340}},"banner_video":{"ID":199132,"id":199132,"title":"VERITAS_105_STEVECURRIE2","filename":"VERITAS_105_STEVECURRIE2.mp4","filesize":9201516,"url":"https:\/\/veritas.art\/wp-content\/uploads\/2021\/04\/VERITAS_105_STEVECURRIE2.mp4","link":"https:\/\/veritas.art\/en\/online-viewing-auction-105-2\/veritas_105_stevecurrie2-2\/","alt":"","author":"5529","description":"","caption":"","name":"veritas_105_stevecurrie2-2","status":"inherit","uploaded_to":199122,"date":"2021-04-29 12:18:53","modified":"2021-04-29 13:34:56","menu_order":0,"mime_type":"video\/mp4","type":"video","subtype":"mp4","icon":"https:\/\/veritas.art\/wp-includes\/images\/media\/video.png","width":1920,"height":1080},"banner_has_lightbox":true,"banner_video_source":"vimeo","banner_video_id":"https:\/\/vimeo.com\/543092066","banner_color_filter":""},{"acf_fc_layout":"free_content","columns_num":"2","place_vertical_line":false,"small_margin":false,"content":"<h2><\/h2>\n<div class=\"uk-width-3-4\" style=\"padding-left: 20px;\">\n<div class=\"uk-width-3-4\" style=\"padding-left: 20px;\">\n<p><em>Photography Highlights<\/em><\/p>\n<h2 class=\"title name\"><span lang=\"PT\"><a href=\"https:\/\/veritas.art\/lot\/serralves-porto-748180829\/\">Roland Fischer<\/a><\/span><\/h2>\n<h2 class=\"title name\"><a href=\"https:\/\/veritas.art\/lot\/s-i-m-05-08-2008-907560190\/\">JEAN-MARC BUSTAMANTE<\/a><\/h2>\n<h2 class=\"title name\"><a href=\"https:\/\/veritas.art\/lot\/auto-retrato-ii-603695553\/\">JORGE MOLDER<\/a><\/h2>\n<h2 class=\"title name\"><span lang=\"PT\"><a href=\"https:\/\/veritas.art\/lot\/oranges-are-not-the-only-fruit-1993-307557420\/\">DANIEL BLAUFUKS<\/a><\/span><\/h2>\n<\/div>\n<\/div>\n<h2><\/h2>\n<h2 style=\"text-align: center;\"><img loading=\"lazy\" decoding=\"async\" class=\"alignnone wp-image-199147 size-full\" src=\"https:\/\/veritas.art\/wp-content\/uploads\/2021\/04\/25-2.jpg\" alt=\"\" width=\"3910\" height=\"2932\" srcset=\"https:\/\/veritas.art\/wp-content\/uploads\/2021\/04\/25-2.jpg 3910w, https:\/\/veritas.art\/wp-content\/uploads\/2021\/04\/25-2-640x480.jpg 640w\" sizes=\"auto, (max-width: 3910px) 100vw, 3910px\" \/><\/h2>\n<div class=\"uk-width-3-4\" style=\"padding-left: 20px;\">\n<h6 class=\"title font-bold uk-width-1-4 uk-first-column\" style=\"padding-left: 30px;\"><\/h6>\n<div class=\"uk-width-3-4\" style=\"padding-left: 20px;\"><\/div>\n<\/div>\n<p>&nbsp;<\/p>\n","content_second_column":"<div class=\"uk-width-3-4\" style=\"padding-left: 20px;\">\n<div class=\"uk-width-3-4\" style=\"padding-left: 30px;\">\n<div class=\"uk-width-3-4\" style=\"padding-left: 30px;\">\n<p>&nbsp;<\/p>\n<\/div>\n<\/div>\n<\/div>\n<h6><img loading=\"lazy\" decoding=\"async\" class=\"alignnone size-full wp-image-199082\" src=\"https:\/\/veritas.art\/wp-content\/uploads\/2021\/04\/2H9A4455-c\u00f3pia-1.jpg\" alt=\"\" width=\"2000\" height=\"1430\" srcset=\"https:\/\/veritas.art\/wp-content\/uploads\/2021\/04\/2H9A4455-c\u00f3pia-1.jpg 2000w, https:\/\/veritas.art\/wp-content\/uploads\/2021\/04\/2H9A4455-c\u00f3pia-1-640x458.jpg 640w\" sizes=\"auto, (max-width: 2000px) 100vw, 2000px\" \/><\/h6>\n<h6><\/h6>\n<h6 class=\"title font-bold uk-width-1-4 uk-first-column\" style=\"padding-left: 30px;\"><a href=\"https:\/\/veritas.art\/lot\/double-attractor-447836528\/\"><em>Lot 1<\/em><\/a><\/h6>\n<div class=\"uk-width-3-4\" style=\"padding-left: 30px;\">\n<h2 class=\"title name\"><a href=\"https:\/\/veritas.art\/lot\/double-attractor-447836528\/\"><span lang=\"PT\">Michael Biberstein<\/span><\/a><\/h2>\n<\/div>\n<p style=\"text-align: left; padding-left: 30px;\">&#8220;For me, the lateral black panels &#8211; the blinders &#8211; have an effect similar to that of wearing glasses with one lens colored differently or covered over, only mentally: both illusory depth and the &#8216;surface-ness&#8217; of the painting are emphasized simultaneously.&#8221;<\/p>\n<p style=\"text-align: left; padding-left: 30px;\">in Michael Biberstein: X, uma retrospectiva, 2019<\/p>\n<div class=\"uk-width-3-4\" style=\"padding-left: 30px;\">\n<div class=\"uk-width-3-4\" style=\"padding-left: 30px;\">\n<h2><\/h2>\n<\/div>\n<\/div>\n<div class=\"uk-width-3-4\" style=\"padding-left: 30px;\">\n<div class=\"uk-width-3-4\" style=\"padding-left: 30px;\">\n<h2><\/h2>\n<\/div>\n<\/div>\n","padding_top":"70","padding_bottom":"70","text_large_height":true,"small_width_layout":false,"id":""},{"acf_fc_layout":"banner","banner_title":"Works on Paper","banner_sub_title":"Lots 100 to 214","banner_image":{"ID":198992,"id":198992,"title":"2H9A4485","filename":"2H9A4485.jpg","filesize":20688780,"url":"https:\/\/veritas.art\/wp-content\/uploads\/2021\/04\/2H9A4485.jpg","link":"https:\/\/veritas.art\/en\/online-viewing-leilao-105\/2h9a4485\/","alt":"","author":"5529","description":"","caption":"","name":"2h9a4485","status":"inherit","uploaded_to":198961,"date":"2021-04-28 15:08:39","modified":"2021-04-28 15:08:39","menu_order":0,"mime_type":"image\/jpeg","type":"image","subtype":"jpeg","icon":"https:\/\/veritas.art\/wp-includes\/images\/media\/default.png","width":6497,"height":4389,"sizes":{"thumbnail":"https:\/\/veritas.art\/wp-content\/uploads\/2021\/04\/2H9A4485-150x150.jpg","thumbnail-width":150,"thumbnail-height":150,"medium":"https:\/\/veritas.art\/wp-content\/uploads\/2021\/04\/2H9A4485.jpg","medium-width":300,"medium-height":203,"medium_large":"https:\/\/veritas.art\/wp-content\/uploads\/2021\/04\/2H9A4485.jpg","medium_large-width":768,"medium_large-height":519,"large":"https:\/\/veritas.art\/wp-content\/uploads\/2021\/04\/2H9A4485.jpg","large-width":1024,"large-height":692,"1536x1536":"https:\/\/veritas.art\/wp-content\/uploads\/2021\/04\/2H9A4485.jpg","1536x1536-width":1536,"1536x1536-height":1038,"2048x2048":"https:\/\/veritas.art\/wp-content\/uploads\/2021\/04\/2H9A4485.jpg","2048x2048-width":2048,"2048x2048-height":1384,"v_medium":"https:\/\/veritas.art\/wp-content\/uploads\/2021\/04\/2H9A4485-640x432.jpg","v_medium-width":640,"v_medium-height":432,"gform-image-choice-sm":"https:\/\/veritas.art\/wp-content\/uploads\/2021\/04\/2H9A4485.jpg","gform-image-choice-sm-width":300,"gform-image-choice-sm-height":203,"gform-image-choice-md":"https:\/\/veritas.art\/wp-content\/uploads\/2021\/04\/2H9A4485.jpg","gform-image-choice-md-width":400,"gform-image-choice-md-height":270,"gform-image-choice-lg":"https:\/\/veritas.art\/wp-content\/uploads\/2021\/04\/2H9A4485.jpg","gform-image-choice-lg-width":600,"gform-image-choice-lg-height":405}},"banner_video":false,"banner_has_lightbox":false,"banner_video_source":"youtube","banner_video_id":"","banner_color_filter":""}],"newsletter_title":"Seja o primeiro<br>a saber de todos os nossos<br>eventos e leil\u00f5es","newsletter_sub_title":"Subscreva a nossa newsletter","newsletter_success_title":"Obrigado por subscrever a nossa newsletter.","newsletter_success_sub_title":"O seu pedido de subscri\u00e7\u00e3o foi confirmado.<br>Receber\u00e1 mais informa\u00e7\u00f5es por e-mail em breve.","display_newsletter_form_general":false,"hero_image":{"ID":174543,"id":174543,"title":"joao3 co\u0301pia","filename":"joao3-co\u0301pia.jpg","filesize":16015090,"url":"https:\/\/veritas.art\/wp-content\/uploads\/2020\/04\/joao3-co\u0301pia.jpg","link":"https:\/\/veritas.art\/en\/teste-viewing-room-catarina\/joao3-copia\/","alt":"","author":"44","description":"","caption":"","name":"joao3-copia","status":"inherit","uploaded_to":174515,"date":"2020-04-28 14:20:46","modified":"2020-04-28 14:20:46","menu_order":0,"mime_type":"image\/jpeg","type":"image","subtype":"jpeg","icon":"https:\/\/veritas.art\/wp-includes\/images\/media\/default.png","width":6720,"height":4480,"sizes":{"thumbnail":"https:\/\/veritas.art\/wp-content\/uploads\/2020\/04\/joao3-co\u0301pia-150x150.jpg","thumbnail-width":150,"thumbnail-height":150,"medium":"https:\/\/veritas.art\/wp-content\/uploads\/2020\/04\/joao3-co\u0301pia.jpg","medium-width":300,"medium-height":200,"medium_large":"https:\/\/veritas.art\/wp-content\/uploads\/2020\/04\/joao3-co\u0301pia.jpg","medium_large-width":768,"medium_large-height":512,"large":"https:\/\/veritas.art\/wp-content\/uploads\/2020\/04\/joao3-co\u0301pia.jpg","large-width":1024,"large-height":683,"1536x1536":"https:\/\/veritas.art\/wp-content\/uploads\/2020\/04\/joao3-co\u0301pia.jpg","1536x1536-width":1536,"1536x1536-height":1024,"2048x2048":"https:\/\/veritas.art\/wp-content\/uploads\/2020\/04\/joao3-co\u0301pia.jpg","2048x2048-width":2048,"2048x2048-height":1365,"v_medium":"https:\/\/veritas.art\/wp-content\/uploads\/2020\/04\/joao3-co\u0301pia-640x427.jpg","v_medium-width":640,"v_medium-height":427,"gform-image-choice-sm":"https:\/\/veritas.art\/wp-content\/uploads\/2020\/04\/joao3-co\u0301pia.jpg","gform-image-choice-sm-width":300,"gform-image-choice-sm-height":200,"gform-image-choice-md":"https:\/\/veritas.art\/wp-content\/uploads\/2020\/04\/joao3-co\u0301pia.jpg","gform-image-choice-md-width":400,"gform-image-choice-md-height":267,"gform-image-choice-lg":"https:\/\/veritas.art\/wp-content\/uploads\/2020\/04\/joao3-co\u0301pia.jpg","gform-image-choice-lg-width":600,"gform-image-choice-lg-height":400}},"hero_title":"ONLINE VIEWING","hero_sub_title":"Leil\u00e3o 96 - Arte Moderna e Contempor\u00e2nea","hero_filter_color":"#000","hero_filter_opacity":"","display_hero":false},"_links":{"self":[{"href":"https:\/\/veritas.art\/en\/wp-json\/wp\/v2\/pages\/199122","targetHints":{"allow":["GET"]}}],"collection":[{"href":"https:\/\/veritas.art\/en\/wp-json\/wp\/v2\/pages"}],"about":[{"href":"https:\/\/veritas.art\/en\/wp-json\/wp\/v2\/types\/page"}],"author":[{"embeddable":true,"href":"https:\/\/veritas.art\/en\/wp-json\/wp\/v2\/users\/5529"}],"replies":[{"embeddable":true,"href":"https:\/\/veritas.art\/en\/wp-json\/wp\/v2\/comments?post=199122"}],"version-history":[{"count":12,"href":"https:\/\/veritas.art\/en\/wp-json\/wp\/v2\/pages\/199122\/revisions"}],"predecessor-version":[{"id":199160,"href":"https:\/\/veritas.art\/en\/wp-json\/wp\/v2\/pages\/199122\/revisions\/199160"}],"wp:attachment":[{"href":"https:\/\/veritas.art\/en\/wp-json\/wp\/v2\/media?parent=199122"}],"curies":[{"name":"wp","href":"https:\/\/api.w.org\/{rel}","templated":true}]}}